{"id":3122,"date":"2019-09-20T11:41:31","date_gmt":"2019-09-20T08:41:31","guid":{"rendered":"http:\/\/kolyebileklik.com\/askale2\/suzuki-askale\/?page_id=3122"},"modified":"2019-12-17T18:57:39","modified_gmt":"2019-12-17T15:57:39","slug":"test-surusu","status":"publish","type":"page","link":"https:\/\/www.askale.com.tr\/suzuki-askale\/test-surusu\/","title":{"rendered":"Test S\u00fcr\u00fc\u015f\u00fc"},"content":{"rendered":"<p>[vc_row overlay_pattern_opacity=&#8221;95&#8243;][vc_column width=&#8221;1\/2&#8243;][vc_empty_space height=&#8221;56px&#8221;][vc_row_inner css=&#8221;.vc_custom_1576597410292{background-color: #cccccc !important;}&#8221;][vc_column_inner][vc_column_text]<\/p>\n<h3 style=\"text-align: center;\">TEST S\u00dcR\u00dc\u015e\u00dc<\/h3>\n<p>[\/vc_column_text][\/vc_column_inner][\/vc_row_inner][vc_row_inner css=&#8221;.vc_custom_1576597423411{background-color: #cccccc !important;}&#8221;][vc_column_inner]<div role=\"form\" class=\"wpcf7\" id=\"wpcf7-f3198-o1\" lang=\"tr-TR\" dir=\"ltr\">\n<div class=\"screen-reader-response\"><\/div>\n<form action=\"\/suzuki-askale\/wp-json\/wp\/v2\/pages\/3122#wpcf7-f3198-o1\" method=\"post\" class=\"wpcf7-form\" novalidate=\"novalidate\">\n<div style=\"display: none;\">\n<input type=\"hidden\" name=\"_wpcf7\" value=\"3198\" \/>\n<input type=\"hidden\" name=\"_wpcf7_version\" value=\"5.1.4\" \/>\n<input type=\"hidden\" name=\"_wpcf7_locale\" value=\"tr_TR\" \/>\n<input type=\"hidden\" name=\"_wpcf7_unit_tag\" value=\"wpcf7-f3198-o1\" \/>\n<input type=\"hidden\" name=\"_wpcf7_container_post\" value=\"0\" \/>\n<\/div>\n<fieldset id=\"contact_form\" class=\"form_contact \">\n<span class=\"wpcf7-form-control-wrap isim\"><input type=\"text\" name=\"isim\" value=\"\" size=\"40\" class=\"wpcf7-form-control wpcf7-text wpcf7-validates-as-required\" aria-required=\"true\" aria-invalid=\"false\" placeholder=\"&nbsp;&nbsp; &nbsp;Ad\u0131n\u0131z Soyad\u0131n\u0131z\" \/><\/span><br \/>\n<span class=\"wpcf7-form-control-wrap eposta\"><input type=\"email\" name=\"eposta\" value=\"\" size=\"40\" class=\"wpcf7-form-control wpcf7-text wpcf7-email wpcf7-validates-as-required wpcf7-validates-as-email\" aria-required=\"true\" aria-invalid=\"false\" placeholder=\"&nbsp;&nbsp; &nbsp;Eposta Adresiniz\" \/><\/span><br \/>\n<span class=\"wpcf7-form-control-wrap telefon\"><input type=\"text\" name=\"telefon\" value=\"\" size=\"40\" class=\"wpcf7-form-control wpcf7-text wpcf7-validates-as-required\" aria-required=\"true\" aria-invalid=\"false\" placeholder=\"&nbsp;&nbsp; &nbsp;Telefon Numaran\u0131z\" \/><\/span><\/p>\n<p>&nbsp; &nbsp;Test S\u00fcr\u00fc\u015f\u00fc Tarihiniz:<br \/>\n<span class=\"wpcf7-form-control-wrap tarih\"><input type=\"date\" name=\"tarih\" value=\"\" class=\"wpcf7-form-control wpcf7-date wpcf7-validates-as-required wpcf7-validates-as-date\" aria-required=\"true\" aria-invalid=\"false\" placeholder=\"&nbsp;&nbsp; &nbsp;Test S\u00fcr\u00fc\u015f\u00fc Tarihi\" \/><\/span><br \/>\n<span class=\"wpcf7-form-control-wrap gdpr\"><span class=\"wpcf7-form-control wpcf7-checkbox wpcf7-validates-as-required\"><span class=\"wpcf7-list-item first last\"><input type=\"checkbox\" name=\"gdpr[]\" value=\"ASKALE OTOMOT\u0130V in payla\u015fm\u0131\u015f oldu\u011fum ileti\u015fim bilgilerimle \u00f6zel kampanyalar i\u00e7in ileti g\u00f6ndermesini kabul ediyorum.\" \/><span class=\"wpcf7-list-item-label\">ASKALE OTOMOT\u0130V in payla\u015fm\u0131\u015f oldu\u011fum ileti\u015fim bilgilerimle \u00f6zel kampanyalar i\u00e7in ileti g\u00f6ndermesini kabul ediyorum.<\/span><\/span><\/span><\/span><\/p>\n<p><input id=\"submit_btn\" class=\"submit_contact_form\" type=\"submit\" value=\" G\u00d6NDER \"><br \/>\n<\/fieldset>\n<div class=\"wpcf7-response-output wpcf7-display-none\"><\/div><\/form><\/div>[\/vc_column_inner][\/vc_row_inner][\/vc_column][vc_column width=&#8221;1\/2&#8243;][vc_empty_space height=&#8221;55px&#8221;][vc_single_image image=&#8221;3323&#8243; img_size=&#8221;full&#8221; alignment=&#8221;center&#8221;][\/vc_column][\/vc_row]<\/p>\n","protected":false},"excerpt":{"rendered":"<p>[vc_row overlay_pattern_opacity=&#8221;95&#8243;][vc_column width=&#8221;1\/2&#8243;][vc_empty_space height=&#8221;56px&#8221;][vc_row_inner css=&#8221;.vc_custom_1576597410292{background-color: #cccccc !important;}&#8221;][vc_column_inner][vc_column_text]<\/p>\n<p> TEST S\u00dcR\u00dc\u015e\u00dc <\/p>\n<p>[\/vc_column_text][\/vc_column_inner][\/vc_row_inner][vc_row_inner css=&#8221;.vc_custom_1576597423411{background-color: #cccccc !important;}&#8221;][vc_column_inner][\/vc_column_inner][\/vc_row_inner][\/vc_column][vc_column width=&#8221;1\/2&#8243;][vc_empty_space height=&#8221;55px&#8221;][vc_single_image image=&#8221;3323&#8243; img_size=&#8221;full&#8221; alignment=&#8221;center&#8221;][\/vc_column][\/vc_row]<\/p>\n","protected":false},"author":1,"featured_media":0,"parent":0,"menu_order":0,"comment_status":"closed","ping_status":"closed","template":"","meta":{"footnotes":""},"_links":{"self":[{"href":"https:\/\/www.askale.com.tr\/suzuki-askale\/wp-json\/wp\/v2\/pages\/3122"}],"collection":[{"href":"https:\/\/www.askale.com.tr\/suzuki-askale\/wp-json\/wp\/v2\/pages"}],"about":[{"href":"https:\/\/www.askale.com.tr\/suzuki-askale\/wp-json\/wp\/v2\/types\/page"}],"author":[{"embeddable":true,"href":"https:\/\/www.askale.com.tr\/suzuki-askale\/wp-json\/wp\/v2\/users\/1"}],"replies":[{"embeddable":true,"href":"https:\/\/www.askale.com.tr\/suzuki-askale\/wp-json\/wp\/v2\/comments?post=3122"}],"version-history":[{"count":29,"href":"https:\/\/www.askale.com.tr\/suzuki-askale\/wp-json\/wp\/v2\/pages\/3122\/revisions"}],"predecessor-version":[{"id":3532,"href":"https:\/\/www.askale.com.tr\/suzuki-askale\/wp-json\/wp\/v2\/pages\/3122\/revisions\/3532"}],"wp:attachment":[{"href":"https:\/\/www.askale.com.tr\/suzuki-askale\/wp-json\/wp\/v2\/media?parent=3122"}],"curies":[{"name":"wp","href":"https:\/\/api.w.org\/{rel}","templated":true}]}}