{"id":3263,"date":"2019-10-19T09:57:03","date_gmt":"2019-10-19T06:57:03","guid":{"rendered":"http:\/\/www.askale.com.tr\/suzuki-askale\/?page_id=3263"},"modified":"2019-11-21T16:45:54","modified_gmt":"2019-11-21T13:45:54","slug":"hakkimizda","status":"publish","type":"page","link":"https:\/\/www.askale.com.tr\/suzuki-askale\/hakkimizda\/","title":{"rendered":"HAKKIMIZDA"},"content":{"rendered":"<p style=\"text-align: left;\">As-Kale Otomotiv, 1995 y\u0131l\u0131nda Temsa Otomotiv Yetkili Saticisi olarak Mitsubishi<br \/>\nmarkas\u0131 ile sekt\u00f6re ilk adimini atmi\u015ftir. Ilerleyen yillarda: Suzuki ve Mitsubishi ara\u00e7 sat\u0131\u015f\u0131,<br \/>\nSati\u015f sonras\u0131 hizmetler(servis, yedek par\u00e7a, aksesuar sat\u0131\u015fi), Ikinci el ara\u00e7 sati\u015f\u0131, Tarim<br \/>\nAletleri(kubota Trakt\u00f6r sati\u015f, servis, yedek par\u00e7a), ASSU i\u00e7me suyu \u00fcretim ve pazarlama,<br \/>\nSigortacil\u0131k Hizmetleri gibi alanlarda faaliyet alanin\u0131 geni\u015fletmi\u015ftir. Firmamizin merkezi<br \/>\nIstanbul Beylikd\u00fcz\u00fcnde bulunmaktad\u0131r.<\/p>\n<p>Mitsubishi markasi ile m\u00fc\u015fterilerimize Binek ve ticari grubu sifir ara\u00e7 sati\u015fi, sati\u015f<br \/>\nsonras\u0131 hizmetler, yedek par\u00e7a, aksesuar sati\u015f\u0131 ile Istanbul Beylikd\u00fcz\u00fc, Kirklareli L\u00fcleburgaz<br \/>\nil\u00e7elerinde hizmet sunmaktayiz.<br \/>\nSati\u015fin\u0131 yapmi\u015f oldu\u011fu sifir ara\u00e7lar\u0131n di\u015finda ikinci el ara\u00e7 sati\u015f\u0131 faaliyeti ile Istan bul<br \/>\nAvcilar da hizmet vermektedir.<\/p>\n<p style=\"text-align: left;\"><img loading=\"lazy\" decoding=\"async\" class=\"alignnone wp-image-561\" src=\"http:\/\/www.askale.com.tr\/mitsubishi-askale\/wp-content\/uploads\/2019\/10\/mitsubishi-388.jpg\" alt=\"\" width=\"585\" height=\"544\" \/><\/p>\n<p style=\"text-align: left;\">Temsil etti\u011fimiz ara\u00e7lara istinaden her t\u00fcrl\u00fc sorunun tespit edilerek, en hizl\u0131, en<br \/>\ng\u00fcvenilir, en do\u011fru ve en ekonomik \u00e7\u00f6z\u00fcmlerin sunulabilmesi i\u00e7in servis hizmeti sa\u011flamaktayiz<br \/>\nod\u00fcller yaz\u0131lacak Otomotiv ihtiya\u00e7larina tek \u00e7ati altinda \u00e7ozum getirme politikamiz ile 1996 yil\u0131nda<br \/>\n\u00d6zkale Sigorta Arac\u0131lik Hizmetleri olarak sigortacilik hizmeti vermeye ba\u015flam\u0131\u015f bulunmakta<br \/>\nolup sigortacilik hizmetlerine devam etmekteyiz.<br \/>\n&#8220;Kubato Trakt\u00f6rleri markasi ile 2009 yilinda T\u00fcrkiye Pazar\u0131na giri\u015f yapmi\u015f olup<br \/>\nTrakt\u00f6r sati\u015f\u0131, servisi ve yedek par\u00e7a konusunda hizmetimize devam etmekteyiz. Bug\u00fcn farkli il<br \/>\nve il\u00e7elerde sat\u0131\u015f ofislerimiz bulunmaktadir.<br \/>\nFirmamiz etkin pazar ara\u015ftirmalar\u0131miz sonucunda &#8220;ASSU&#8221; markas\u0131 ile 2011 yilinda<br \/>\ni\u00e7me suyu sekt\u00f6r\u00fcne girmi\u015ftir. Sa\u011fl\u0131kl\u0131 su ihtiyacina y\u00f6nelik Sakarya da kurulmu\u015f olan<br \/>\nfabrikamizin su kayna\u011fi; Sakarya Ili, Dokurcun Mevkii, Elmacik Da\u011flar\u0131nda bulunan 1400 metre<br \/>\nrakiml\u0131 \u00c7i\u011fdemli Yaylas\u0131indadir. Kaynak alan\u0131m\u0131z milli tabiat parki olma \u00f6zelli\u011fi ile nadir bir<br \/>\n\u00f6zelli\u011fe sahiptir ve devlet korumas\u0131 g\u00fcvencesindedir. Kayna\u011fim\u0131zin bulundu\u011fu alan el de\u011fmemis<br \/>\ndo\u011faya sahip: \u00e7evre kirlili\u011finden ve yapila\u015fmadan uzakt\u0131r. Dolumlar\u0131miz kayna\u011findan el de\u011fmeden<br \/>\nger\u00e7ekle\u015ftirilmektedir.Tesisimiz m2 arazi \u00fczerinde kurulu m2 kapal\u0131 alana<br \/>\nsahiptir. Teknolojik geli\u015fmeleri yak\u0131ndan takip ederek makine parkini s\u00fcrekli geni\u015fletmekte ve<br \/>\nyenilemekte olan firmamiz \u00fcretim, kontrol ve da\u011fitimda en yuksek standartlara sahiptir.<br \/>\nT\u00fcrkiye&#8217;deki al\u0131\u015filage Imi\u015f bayilik yapis\u0131ndan farkli bir yapryla 2018 yilinda Suzuki<br \/>\nmarkas\u0131n\u0131 da b\u00fcnyemize katarak sifir ara\u00e7 sati\u015f\u0131, sati\u015f sonras\u0131 hizmetleri, yedek par\u00e7a ve<br \/>\naksesuar sati\u015f\u0131 hizmetlerini sunmaya ba\u015flam\u0131\u015f bulunmaktay\u0131z.<\/p>\n<p style=\"text-align: center;\"><a href=\"http:\/\/www.assu.com.tr\/\"><img loading=\"lazy\" decoding=\"async\" class=\"alignnone wp-image-3320\" src=\"http:\/\/www.askale.com.tr\/suzuki-askale\/wp-content\/uploads\/2019\/10\/assu-logo.png\" alt=\"\" width=\"60\" height=\"73\" \/>ASSU Markam\u0131z\u0131n Websitesini \u0130ncelemek i\u00e7in T\u0131klay\u0131n\u0131z.<\/a><\/p>\n","protected":false},"excerpt":{"rendered":"<p style=\"text-align: left;\">As-Kale Otomotiv, 1995 y\u0131l\u0131nda Temsa Otomotiv Yetkili Saticisi olarak Mitsubishi<br \/> markas\u0131 ile sekt\u00f6re ilk adimini atmi\u015ftir. Ilerleyen yillarda: Suzuki ve Mitsubishi ara\u00e7 sat\u0131\u015f\u0131,<br \/> Sati\u015f sonras\u0131 hizmetler(servis, yedek par\u00e7a, aksesuar sat\u0131\u015fi), Ikinci el ara\u00e7 sati\u015f\u0131, Tarim<br \/> Aletleri(kubota Trakt\u00f6r sati\u015f, servis, yedek par\u00e7a), ASSU i\u00e7me suyu \u00fcretim ve pazarlama,<br \/> Sigortacil\u0131k Hizmetleri gibi alanlarda faaliyet alanin\u0131 geni\u015fletmi\u015ftir. Firmamizin merkezi<br \/> Istanbul Beylikd\u00fcz\u00fcnde bulunmaktad\u0131r.<\/p>\n<p>Mitsubishi markasi ile m\u00fc\u015fterilerimize Binek ve ticari grubu sifir ara\u00e7 sati\u015fi, sati\u015f<br \/> sonras\u0131 hizmetler, yedek par\u00e7a, aksesuar sati\u015f\u0131 ile Istanbul Beylikd\u00fcz\u00fc, Kirklareli L\u00fcleburgaz<br \/> il\u00e7elerinde hizmet sunmaktayiz.<br \/> Sati\u015fin\u0131 yapmi\u015f oldu\u011fu sifir ara\u00e7lar\u0131n di\u015finda ikinci el ara\u00e7 sati\u015f\u0131 faaliyeti ile Istan bul<br \/> Avcilar da hizmet vermektedir.<\/p>\n<p style=\"text-align: left;\"><img loading=\"lazy\" decoding=\"async\" class=\"alignnone wp-image-561\" src=\"http:\/\/www.askale.com.tr\/mitsubishi-askale\/wp-content\/uploads\/2019\/10\/mitsubishi-388.jpg\" alt=\"\" width=\"585\" height=\"544\" \/><\/p>\n<p style=\"text-align: left;\">Temsil etti\u011fimiz ara\u00e7lara istinaden her t\u00fcrl\u00fc sorunun tespit edilerek, en hizl\u0131, en<br \/> g\u00fcvenilir, en do\u011fru ve en ekonomik \u00e7\u00f6z\u00fcmlerin sunulabilmesi i\u00e7in servis hizmeti sa\u011flamaktayiz<br \/> od\u00fcller [&#8230;]<\/p>\n","protected":false},"author":1,"featured_media":0,"parent":0,"menu_order":0,"comment_status":"closed","ping_status":"closed","template":"","meta":{"footnotes":""},"_links":{"self":[{"href":"https:\/\/www.askale.com.tr\/suzuki-askale\/wp-json\/wp\/v2\/pages\/3263"}],"collection":[{"href":"https:\/\/www.askale.com.tr\/suzuki-askale\/wp-json\/wp\/v2\/pages"}],"about":[{"href":"https:\/\/www.askale.com.tr\/suzuki-askale\/wp-json\/wp\/v2\/types\/page"}],"author":[{"embeddable":true,"href":"https:\/\/www.askale.com.tr\/suzuki-askale\/wp-json\/wp\/v2\/users\/1"}],"replies":[{"embeddable":true,"href":"https:\/\/www.askale.com.tr\/suzuki-askale\/wp-json\/wp\/v2\/comments?post=3263"}],"version-history":[{"count":4,"href":"https:\/\/www.askale.com.tr\/suzuki-askale\/wp-json\/wp\/v2\/pages\/3263\/revisions"}],"predecessor-version":[{"id":3432,"href":"https:\/\/www.askale.com.tr\/suzuki-askale\/wp-json\/wp\/v2\/pages\/3263\/revisions\/3432"}],"wp:attachment":[{"href":"https:\/\/www.askale.com.tr\/suzuki-askale\/wp-json\/wp\/v2\/media?parent=3263"}],"curies":[{"name":"wp","href":"https:\/\/api.w.org\/{rel}","templated":true}]}}