{"id":3286,"date":"2019-10-21T16:23:11","date_gmt":"2019-10-21T13:23:11","guid":{"rendered":"http:\/\/www.askale.com.tr\/suzuki-askale\/?page_id=3286"},"modified":"2019-10-21T16:23:11","modified_gmt":"2019-10-21T13:23:11","slug":"aracimi-satiyorum","status":"publish","type":"page","link":"https:\/\/www.askale.com.tr\/suzuki-askale\/aracimi-satiyorum\/","title":{"rendered":"ARACIMI SATIYORUM"},"content":{"rendered":"<p>[vc_row][vc_column width=&#8221;1\/2&#8243;][vc_row_inner css=&#8221;.vc_custom_1568980720913{background-color: #d6d6d6 !important;}&#8221;][vc_column_inner][vc_column_text]<\/p>\n<h4 style=\"text-align: center;\"><strong><br \/>\nARACIMI SATIYORUM<\/strong><\/h4>\n<p>[\/vc_column_text][\/vc_column_inner][\/vc_row_inner][vc_row_inner css=&#8221;.vc_custom_1568980720913{background-color: #d6d6d6 !important;}&#8221;][vc_column_inner]<div role=\"form\" class=\"wpcf7\" id=\"wpcf7-f3285-o1\" lang=\"tr-TR\" dir=\"ltr\">\n<div class=\"screen-reader-response\"><\/div>\n<form action=\"\/suzuki-askale\/wp-json\/wp\/v2\/pages\/3286#wpcf7-f3285-o1\" method=\"post\" class=\"wpcf7-form\" novalidate=\"novalidate\">\n<div style=\"display: none;\">\n<input type=\"hidden\" name=\"_wpcf7\" value=\"3285\" \/>\n<input type=\"hidden\" name=\"_wpcf7_version\" value=\"5.1.4\" \/>\n<input type=\"hidden\" name=\"_wpcf7_locale\" value=\"tr_TR\" \/>\n<input type=\"hidden\" name=\"_wpcf7_unit_tag\" value=\"wpcf7-f3285-o1\" \/>\n<input type=\"hidden\" name=\"_wpcf7_container_post\" value=\"0\" \/>\n<\/div>\n<fieldset id=\"contact_form\" class=\"form_contact \">\n<input type=\"text\" name=\"isim\" class=\"form-control margin-bottom-25\" placeholder=\"\u0130sminiz Soyisminiz* (Gereklidir)\" \/><br \/>\n<input type=\"email\" name=\"eposta\" class=\"form-control margin-bottom-25\" placeholder=\"Eposta Adresiniz* (Gereklidir)\" \/><br \/>\n<input type=\"text\" name=\"telefon\" class=\"form-control margin-bottom-25\" placeholder=\"Telefon Numaran\u0131z* (Gereklidir)\" \/><br \/>\n<input type=\"text\" name=\"arac\" class=\"form-control margin-bottom-25\" placeholder=\"Arac\u0131n\u0131z\u0131n Markas\u0131\" \/><br \/>\n<input type=\"text\" name=\"yil\" class=\"form-control margin-bottom-25\" placeholder=\"Y\u0131l\" \/><\/p>\n<div class=\"form-control gdpr-control margin-bottom-25\">\n<label><input type=\"checkbox\" name=\"gdpr\"> ASKALE OTOMOT\u0130V in payla\u015fm\u0131\u015f oldu\u011fum ileti\u015fim bilgilerimle \u00f6zel kampanyalar i\u00e7in ileti g\u00f6ndermesini kabul ediyorum.<\/label><\/div>\n<div id=\"contact_form_recaptcha\" class=\"recaptcha_holder\"><\/div>\n<p><input id=\"submit_btn\" class=\"submit_contact_form\" type=\"submit\" value=\" G\u00d6NDER \"><br \/>\n<\/fieldset>\n<div class=\"wpcf7-response-output wpcf7-display-none\"><\/div><\/form><\/div>[\/vc_column_inner][\/vc_row_inner][\/vc_column][vc_column width=&#8221;1\/2&#8243;][vc_empty_space height=&#8221;55px&#8221;][vc_single_image image=&#8221;3283&#8243; img_size=&#8221;full&#8221; alignment=&#8221;center&#8221;][\/vc_column][\/vc_row]<\/p>\n","protected":false},"excerpt":{"rendered":"<p>[vc_row][vc_column width=&#8221;1\/2&#8243;][vc_row_inner css=&#8221;.vc_custom_1568980720913{background-color: #d6d6d6 !important;}&#8221;][vc_column_inner][vc_column_text]<\/p>\n<p> <strong><br \/> ARACIMI SATIYORUM<\/strong> <\/p>\n<p>[\/vc_column_text][\/vc_column_inner][\/vc_row_inner][vc_row_inner css=&#8221;.vc_custom_1568980720913{background-color: #d6d6d6 !important;}&#8221;][vc_column_inner][\/vc_column_inner][\/vc_row_inner][\/vc_column][vc_column width=&#8221;1\/2&#8243;][vc_empty_space height=&#8221;55px&#8221;][vc_single_image image=&#8221;3283&#8243; img_size=&#8221;full&#8221; alignment=&#8221;center&#8221;][\/vc_column][\/vc_row]<\/p>\n","protected":false},"author":1,"featured_media":0,"parent":0,"menu_order":0,"comment_status":"closed","ping_status":"closed","template":"","meta":{"footnotes":""},"_links":{"self":[{"href":"https:\/\/www.askale.com.tr\/suzuki-askale\/wp-json\/wp\/v2\/pages\/3286"}],"collection":[{"href":"https:\/\/www.askale.com.tr\/suzuki-askale\/wp-json\/wp\/v2\/pages"}],"about":[{"href":"https:\/\/www.askale.com.tr\/suzuki-askale\/wp-json\/wp\/v2\/types\/page"}],"author":[{"embeddable":true,"href":"https:\/\/www.askale.com.tr\/suzuki-askale\/wp-json\/wp\/v2\/users\/1"}],"replies":[{"embeddable":true,"href":"https:\/\/www.askale.com.tr\/suzuki-askale\/wp-json\/wp\/v2\/comments?post=3286"}],"version-history":[{"count":1,"href":"https:\/\/www.askale.com.tr\/suzuki-askale\/wp-json\/wp\/v2\/pages\/3286\/revisions"}],"predecessor-version":[{"id":3287,"href":"https:\/\/www.askale.com.tr\/suzuki-askale\/wp-json\/wp\/v2\/pages\/3286\/revisions\/3287"}],"wp:attachment":[{"href":"https:\/\/www.askale.com.tr\/suzuki-askale\/wp-json\/wp\/v2\/media?parent=3286"}],"curies":[{"name":"wp","href":"https:\/\/api.w.org\/{rel}","templated":true}]}}