{"id":3360,"date":"2019-11-19T17:21:11","date_gmt":"2019-11-19T14:21:11","guid":{"rendered":"https:\/\/www.askale.com.tr\/suzuki-askale\/?page_id=3360"},"modified":"2020-08-17T18:50:26","modified_gmt":"2020-08-17T15:50:26","slug":"yasal-uyari","status":"publish","type":"page","link":"https:\/\/www.askale.com.tr\/suzuki-askale\/yasal-uyari\/","title":{"rendered":"YASAL UYARI"},"content":{"rendered":"<p>Bu Site&#8217;deki bilgiler ASKALE\u2019nin T\u00fcrkiye&#8217;deki m\u00fc\u015fterilerine y\u00f6neliktir ve di\u011fer \u00fclkeler i\u00e7in ge\u00e7erli olmayabilir. ASKALE, bu site&#8217;deki bilgilerin do\u011frulu\u011fu ve g\u00fcncelli\u011fini temin i\u00e7in gereken makul \u00e7abay\u0131 sarfedecektir. Site de belirtilen bilgiler hi\u00e7bir garanti veya taahh\u00fct olu\u015fturmaz.<\/p>\n<p>ASKALE herhangi bir zamanda, \u00fcr\u00fcnlerin spesifikasyonlar\u0131n\u0131 de\u011fi\u015ftirme hakk\u0131na sahiptir.<\/p>\n<p>www.ASKALE.com.tr&#8217;de yer alan bilgilerin do\u011fru olup olmad\u0131\u011f\u0131 konusunda herhangi bir sorumluluk ta\u015f\u0131mamaktad\u0131r. Bilgilerin do\u011fru olmamas\u0131 veya siteye eri\u015fiminizden ve siteyi kullanman\u0131zdan kaynaklanan herhangi bir zarar nedeniyle ASKALE&#8217;ye hi\u00e7bir sorumluluk y\u00fcklenmeyecektir. ASKALE, site ile ilgili kurallar\u0131 ve bilgileri, diledi\u011fi takdirde, iptal edebilir veya de\u011fi\u015ftirebilir. Bu hususlar\u0131 takip etmek kullan\u0131c\u0131n\u0131n sorumlulu\u011fundad\u0131r.<\/p>\n","protected":false},"excerpt":{"rendered":"<p>Bu Site&#8217;deki bilgiler ASKALE\u2019nin T\u00fcrkiye&#8217;deki m\u00fc\u015fterilerine y\u00f6neliktir ve di\u011fer \u00fclkeler i\u00e7in ge\u00e7erli olmayabilir. ASKALE, bu site&#8217;deki bilgilerin do\u011frulu\u011fu ve g\u00fcncelli\u011fini temin i\u00e7in gereken makul \u00e7abay\u0131 sarfedecektir. Site de belirtilen bilgiler hi\u00e7bir garanti veya taahh\u00fct olu\u015fturmaz.<\/p>\n<p>ASKALE herhangi bir zamanda, \u00fcr\u00fcnlerin spesifikasyonlar\u0131n\u0131 de\u011fi\u015ftirme hakk\u0131na sahiptir.<\/p>\n<p>www.ASKALE.com.tr&#8217;de yer alan bilgilerin do\u011fru olup olmad\u0131\u011f\u0131 konusunda herhangi bir sorumluluk ta\u015f\u0131mamaktad\u0131r. Bilgilerin do\u011fru olmamas\u0131 veya siteye eri\u015fiminizden ve siteyi kullanman\u0131zdan kaynaklanan herhangi bir zarar nedeniyle ASKALE&#8217;ye hi\u00e7bir sorumluluk y\u00fcklenmeyecektir. ASKALE, site ile ilgili kurallar\u0131 ve bilgileri, diledi\u011fi takdirde, iptal edebilir veya de\u011fi\u015ftirebilir. Bu hususlar\u0131 takip etmek kullan\u0131c\u0131n\u0131n sorumlulu\u011fundad\u0131r.<\/p>\n","protected":false},"author":1,"featured_media":0,"parent":0,"menu_order":0,"comment_status":"closed","ping_status":"closed","template":"","meta":{"footnotes":""},"_links":{"self":[{"href":"https:\/\/www.askale.com.tr\/suzuki-askale\/wp-json\/wp\/v2\/pages\/3360"}],"collection":[{"href":"https:\/\/www.askale.com.tr\/suzuki-askale\/wp-json\/wp\/v2\/pages"}],"about":[{"href":"https:\/\/www.askale.com.tr\/suzuki-askale\/wp-json\/wp\/v2\/types\/page"}],"author":[{"embeddable":true,"href":"https:\/\/www.askale.com.tr\/suzuki-askale\/wp-json\/wp\/v2\/users\/1"}],"replies":[{"embeddable":true,"href":"https:\/\/www.askale.com.tr\/suzuki-askale\/wp-json\/wp\/v2\/comments?post=3360"}],"version-history":[{"count":1,"href":"https:\/\/www.askale.com.tr\/suzuki-askale\/wp-json\/wp\/v2\/pages\/3360\/revisions"}],"predecessor-version":[{"id":3363,"href":"https:\/\/www.askale.com.tr\/suzuki-askale\/wp-json\/wp\/v2\/pages\/3360\/revisions\/3363"}],"wp:attachment":[{"href":"https:\/\/www.askale.com.tr\/suzuki-askale\/wp-json\/wp\/v2\/media?parent=3360"}],"curies":[{"name":"wp","href":"https:\/\/api.w.org\/{rel}","templated":true}]}}