{"id":3362,"date":"2019-11-19T17:21:48","date_gmt":"2019-11-19T14:21:48","guid":{"rendered":"https:\/\/www.askale.com.tr\/suzuki-askale\/?page_id=3362"},"modified":"2020-10-06T14:16:21","modified_gmt":"2020-10-06T11:16:21","slug":"kisisel-verilerin-islenmesine-iliskin-aydinlatma-metni","status":"publish","type":"page","link":"https:\/\/www.askale.com.tr\/suzuki-askale\/kisisel-verilerin-islenmesine-iliskin-aydinlatma-metni\/","title":{"rendered":"K\u0130\u015e\u0130SEL VER\u0130LER\u0130N \u0130\u015eLENMES\u0130NE \u0130L\u0130\u015eK\u0130N AYDINLATMA METN\u0130"},"content":{"rendered":"<h3 style=\"text-align: center;\">K\u0130\u015e\u0130SEL VER\u0130LER\u0130N \u0130\u015eLENMES\u0130 AYDINLATMA METN\u0130<\/h3>\n<p>&nbsp;<\/p>\n<p>Ki\u015fisel verilerin i\u015flenmesinde ba\u015fta \u00f6zel hayat\u0131n gizlili\u011fi olmak \u00fczere ki\u015filerin temel hak ve \u00f6zg\u00fcrl\u00fcklerini korumak ve ki\u015fisel verileri i\u015fleyen ger\u00e7ek ve t\u00fczel ki\u015filerin y\u00fck\u00fcml\u00fcl\u00fckleri belirlemek amac\u0131yla 7 Nisan 2016 tarihli ve 29677 Say\u0131l\u0131 Resm\u00ee Gazete\u2019de yay\u0131mlanan 6698 say\u0131l\u0131 Ki\u015fisel Verilerin Korunmas\u0131 Kanunu (\u201cKVKK\u201d) hususunda Askale \u0130\u00e7ecek \u00dcretim Pazarlama A.\u015e. olarak Veri Sorumlusu s\u0131fat\u0131yla Kanun\u2019un \u201cVeri Sorumlusunun Ayd\u0131nlatma Y\u00fck\u00fcml\u00fcl\u00fc\u011f\u00fc\u201d ba\u015fl\u0131kl\u0131 10. maddesi uyar\u0131nca sizleri bilgilendirmek isteriz.<\/p>\n<p>VER\u0130 SORUMLUSU ve TEMS\u0130LC\u0130S\u0130<\/p>\n<p>Askale \u0130\u00e7ecek \u00dcretim Pazarlama A.\u015e. olarak, veri sorumlusu s\u0131fat\u0131yla, ki\u015fisel verilerinizi a\u015fa\u011f\u0131da a\u00e7\u0131klanan ama\u00e7lar kapsam\u0131nda; hukuka ve d\u00fcr\u00fcstl\u00fck kurallar\u0131na uygun bir \u015fekilde i\u015fleyebilecek, kaydedebilecek, saklayabilecek, s\u0131n\u0131fland\u0131rabilecek, g\u00fcncelleyebilecek ve mevzuat\u0131n izin verdi\u011fi hallerde ve\/veya i\u015flendikleri ama\u00e7la s\u0131n\u0131rl\u0131 olarak 3. ki\u015filere a\u00e7\u0131klayabilecek\/aktarabilece\u011fiz.<\/p>\n<p>K\u0130\u015e\u0130SEL VER\u0130LER\u0130N \u0130\u015eLENME AMACI<\/p>\n<p>Ki\u015fisel verileriniz, Askale \u0130\u00e7ecek \u00dcretim Pazarlama A.\u015e. olarak sundu\u011fumuz hizmetlerden yararlanabilmeniz amac\u0131yla KVKK ve ilgili mevzuatta d\u00fczenlenen temel prensiplere uygun olarak, a\u00e7\u0131k r\u0131zan\u0131za ve\/veya tabi oldu\u011fumuz yasal mevzuat ba\u015fta olmak \u00fczere KVKK md. 5\/2\u2019de \u00f6ng\u00f6r\u00fclen di\u011fer hallere ba\u011fl\u0131 olarak i\u015flenmektedir. Askale \u0130\u00e7ecek \u00dcretim Pazarlama A.\u015e.\u2019nin verdi\u011fi hizmetler dikkate al\u0131nd\u0131\u011f\u0131nda, ki\u015fisel verileriniz; sundu\u011fumuz bu hizmetlerden sizleri faydaland\u0131rabilmek i\u00e7in:<\/p>\n<p>\u2022 M\u00fc\u015fterilere ait ki\u015fisel veriler, \u015eirketimiz taraf\u0131ndan y\u00fcr\u00fct\u00fclen ticari faaliyet gereklerinin yerine getirilmesi ve hizmetin ifas\u0131 ile \u015firketimiz taraf\u0131ndan sunulan \u00fcr\u00fcn ve hizmetlerden ilgili ki\u015fileri faydalanmas\u0131n\u0131 sa\u011flamak i\u00e7in gerekli \u00e7al\u0131\u015fmalar\u0131n i\u015f birimleri taraf\u0131ndan yap\u0131lmas\u0131 ve ilgili i\u015f s\u00fcre\u00e7lerinin y\u00fcr\u00fct\u00fclmesi,<\/p>\n<p>\u2022 \u00dcr\u00fcn-hizmet tan\u0131t\u0131m\u0131, reklam, ileti\u015fim, promosyon, sat\u0131\u015f, pazarlama, m\u00fc\u015fteri kay\u0131t, servis, \u015fikayet takip, bayi cari kart\u0131n\u0131n a\u00e7\u0131lmas\u0131 ve \u00fcyelik bilgilendirmeleri uygulama ve i\u015flemlerinin yap\u0131lmas\u0131,<\/p>\n<p>\u2022 D\u00f6nemsel kampanya \u00e7al\u0131\u015fmalar\u0131, m\u00fc\u015fteri profillerine y\u00f6nelik \u00f6zel promosyon faaliyetlerinin kurgulanmas\u0131 ve istenmeyen e-postalar\u0131n iletilmemesine y\u00f6nelik m\u00fc\u015fteri s\u0131n\u0131fland\u0131rmalar\u0131 ve ki\u015fisel bilgiler vas\u0131tas\u0131yla olu\u015fturulacak reklam, tan\u0131t\u0131m, pazarlama faaliyetlerinin devam etmesi, yeni \u00fcr\u00fcnlerin geli\u015ftirilmesi, sunulmas\u0131,<\/p>\n<p>\u2022 Ki\u015fiye \u00f6zel sat\u0131\u015f ve pazarlama faaliyetlerinin planlanmas\u0131 ve ger\u00e7ekle\u015ftirilmesi,<\/p>\n<p>\u2022 M\u00fc\u015fterilerimizin be\u011feni, ihtiya\u00e7 ve kullan\u0131m al\u0131\u015fkanl\u0131klar\u0131na g\u00f6re \u00e7al\u0131\u015fma ve geli\u015ftirme yap\u0131lmas\u0131,<\/p>\n<p>\u2022 \u015eirketimiz ve\/veya tedarik\u00e7ilerimiz taraf\u0131ndan sunulan \u00fcr\u00fcn ve hizmetler ile \u015firketimizle i\u015f ili\u015fkisi i\u00e7erisinde olan \u00fc\u00e7\u00fcnc\u00fc ki\u015filerin hukuki ve ticari g\u00fcvenli\u011finin temini, hukuksal s\u00fcre\u00e7lerin takibi ve mevzuattan do\u011fan haklar\u0131n tesisi, kullan\u0131lmas\u0131 ve korunmas\u0131,<\/p>\n<p>\u2022 \u015eirket faaliyetlerimizin, \u015firket prosed\u00fcrleri veya ilgili mevzuata uygun olarak y\u00fcr\u00fct\u00fclmesinin temini,<\/p>\n<p>\u2022 Kurumsal s\u00fcrd\u00fcr\u00fclebilirlik, kurumsal y\u00f6netim, stratejik planlama ve bilgi g\u00fcvenli\u011fi s\u00fcre\u00e7lerinin planlanmas\u0131, denetimi ve icras\u0131; i\u015f s\u00fcreklili\u011fin sa\u011flanmas\u0131,<\/p>\n<p>\u2022 \u0130htiyaca g\u00f6re farkl\u0131l\u0131klar arz eden sekt\u00f6rlerdeki i\u015f ortaklar\u0131m\u0131z ile y\u00fcr\u00fct\u00fclen i\u015flerin icras\u0131 ve ili\u015fkilerin y\u00f6netimi,<\/p>\n<p>\u2022 Kamu Kurum ve b\u00fct\u00fcn otoritelerce \u00f6ng\u00f6r\u00fclen bilgi payla\u015f\u0131m\u0131, raporlama, bilgilendirme y\u00fck\u00fcml\u00fcl\u00fcklerinin yerine getirilmesi,<\/p>\n<p>\u2022 Yasal mevzuattan kaynaklanan bilgi ve belge saklama y\u00fck\u00fcml\u00fcl\u00fcklerinin yerine getirilmesi,<\/p>\n<p>\u2022 T\u00fcketici \u015fikayetlerinin y\u00f6netiminin sa\u011flanmas\u0131,<\/p>\n<p>\u2022 \u015eirketimizin ticari ve i\u015f stratejilerinin belirlenmesi ve uygulanmas\u0131,<\/p>\n<p>\u2022 Finans, ileti\u015fim, pazar ara\u015ft\u0131rmas\u0131 ve sat\u0131n alma operasyonlar\u0131m\u0131z\u0131n y\u00fcr\u00fct\u00fclmesi,<\/p>\n<p>\u2022 \u015eirket i\u00e7i sistem ve uygulama y\u00f6netimi operasyonlar\u0131n\u0131n s\u00fcrd\u00fcr\u00fclmesi,<\/p>\n<p>\u2022 Her t\u00fcrl\u00fc \u00fcr\u00fcn ve hizmetlerin sunulabilmesi i\u00e7in bu konuda ald\u0131\u011f\u0131n\u0131z\/alaca\u011f\u0131n\u0131z \u00fcr\u00fcn ve hizmete ili\u015fkin olarak siz de\u011ferli m\u00fc\u015fterimizle ileti\u015fim kurulabilmesi,<\/p>\n<p>\u2022 \u0130zin vermi\u015f olman\u0131z durumunda tan\u0131t\u0131m, \u00fcr\u00fcn\/hizmet teklifi, pazarlama ve kampanya faaliyetlerinde kullan\u0131labilmesi ile taraf\u0131n\u0131za uygun hizmetler ve \u00fcr\u00fcnler geli\u015ftirilmesi,<\/p>\n<p>\u2022 M\u00fc\u015fteri memnuniyeti \u00e7al\u0131\u015fmalar\u0131 yap\u0131lmas\u0131, \u015firketimizin mevcut veya yeni \u00fcr\u00fcn \u00e7al\u0131\u015fmalar\u0131 ve pazar ara\u015ft\u0131rmas\u0131 ve hedef m\u00fc\u015fteri grubu tespitinin yap\u0131labilmesi,<\/p>\n<p>\u2022 Hukuki s\u00fcre\u00e7lerimizin y\u00f6netilmesi ve sosyal sorumluluk projelerinin ger\u00e7ekle\u015ftirilmesi, taraf\u0131n\u0131za kesintisiz olarak daha iyi ve g\u00fcvenilir hizmet verilebilmesi ama\u00e7lar\u0131yla 6698 say\u0131l\u0131 Kanun\u2019un 5. ve 6. maddelerinde belirtilen ki\u015fisel veri i\u015fleme \u015fartlar\u0131 ve ama\u00e7lar\u0131 dahilinde i\u015flenecektir.<\/p>\n<p>K\u0130\u015e\u0130SEL VER\u0130LER\u0130N TOPLANMA Y\u00d6NTEM\u0130 VE HUKUK\u0130 SEBEP<\/p>\n<p>Ki\u015fisel verileriniz \u015eirketimiz taraf\u0131ndan yukar\u0131da s\u0131ralanan ama\u00e7lar kapsam\u0131nda ve her t\u00fcrl\u00fc s\u00f6zl\u00fc, yaz\u0131l\u0131 ya da elektronik ortamda (fiziki ortamda belge, s\u00f6zle\u015fmeler ve matbu formlar; elektronik ortamda ise kurumsal web sitesi, e-posta, \u015firket i\u00e7i yaz\u0131l\u0131m, \u015fikayet y\u00f6netim sistemleri, g\u00f6r\u00fcnt\u00fc ve ses kay\u0131t sistemleri (\u00e7a\u011fr\u0131 merkezi) \u00fczerinden) toplanacakt\u0131r.<\/p>\n<p>Bu y\u00f6ntemlerle toplanan ki\u015fisel verileriniz 6698 say\u0131l\u0131 Kanun\u2019un 5. ve 6. maddelerinde belirtilen ki\u015fisel veri i\u015fleme \u015fartlar\u0131 ve ama\u00e7lar\u0131 kapsam\u0131nda ve i\u015fbu Ayd\u0131nlatma Metninde belirtilen ama\u00e7larla da i\u015flenebilmekte ve aktar\u0131labilmektedir.<\/p>\n<p>\u0130\u015eLENEN K\u0130\u015e\u0130SEL VER\u0130LER\u0130N AKTARILDI\u011eI TARAFLAR VE AKTARIM AMACI<\/p>\n<p>Ki\u015fisel verileriniz; sunmu\u015f oldu\u011fumuz hizmetlerin ifas\u0131nda kullan\u0131lmak \u00fczere, do\u011frudan ve\/veya dolayl\u0131 yoldan ilgili b\u00fct\u00fcn \u015fah\u0131slar\u0131n ki\u015fisel verilerinin, \u00fcr\u00fcn ve hizmetlerin temin edildi\u011fi sat\u0131c\u0131lar, \u015firketimizin \u00e7o\u011funluk pay sahipleri, bayiler, tedarik\u00e7iler ile i\u015fbu hizmetlere ba\u011fl\u0131 olarak finansal, dijital, tahsilat, hukuk i\u015flerinin ifas\u0131 maksad\u0131yla destek hizmetleri al\u0131nan kurum\/\u015fah\u0131slar ve faaliyetlerimizi y\u00fcr\u00fctmek \u00fczere hizmet ald\u0131\u011f\u0131m\u0131z, i\u015fbirli\u011fi yapt\u0131\u011f\u0131m\u0131z i\u015f orta\u011f\u0131 kurulu\u015flar ve yine hizmetleri g\u00f6rebilmek amac\u0131 ile ili\u015fki i\u00e7inde bulundu\u011fumuz di\u011fer \u00fc\u00e7\u00fcnc\u00fc ki\u015filerle ve ki\u015fisel verilerin korunmas\u0131na ili\u015fkin mevzuat\u0131n \u00f6ng\u00f6rd\u00fc\u011f\u00fc esaslar \u00e7er\u00e7evesinde hukuki y\u00fck\u00fcml\u00fcl\u00fc\u011f\u00fcm\u00fcz\u00fc yerine getirebilmek amac\u0131yla kanunen yetkili k\u0131l\u0131nan mercilerle payla\u015fabilecektir.<\/p>\n<p>Ki\u015fisel verileriniz depolan\u0131p muhafaza edilebilecek, finansal ara\u015ft\u0131rmalar ve sebepler, operasyonel s\u00fcre\u00e7ler ve pazarlama faaliyetleri gere\u011fi s\u0131n\u0131fland\u0131r\u0131labilecek, de\u011fi\u015fik periyotlarda g\u00fcncellenebilecek ve mevzuat\u0131n elverdi\u011fi \u00f6l\u00e7\u00fcde, yasalar \u00e7er\u00e7evesinde ve gizlilik esaslar\u0131 kapsam\u0131nda hizmetin gerektirdi\u011fi 3. Ki\u015filer ve\/veya tedarik\u00e7iler ve\/veya hizmet sa\u011flay\u0131c\u0131lara aktar\u0131l\u0131p devredilebilecek, ba\u011fl\u0131 oldu\u011fumuz grup politikalar\u0131 uyar\u0131nca ve di\u011fer otoritelerce \u00f6ng\u00f6r\u00fclen nedenlerle bilgi aktar\u0131labilecek, depolanabilecek, raporlamak suretiyle i\u015flenebilecek elektronik veya ka\u011f\u0131t ortam\u0131nda i\u015fleme dayanak olacak \u015fekilde kay\u0131t ve belge d\u00fczenlenebilecek, 6698 say\u0131l\u0131 Kanun\u2019un ki\u015fisel verilerin aktar\u0131lmas\u0131na ili\u015fkin 8. maddesi ve ki\u015fisel verilerin yurt d\u0131\u015f\u0131na aktar\u0131lmas\u0131na ili\u015fkin 9. maddesinde belirtilen ki\u015fisel veri i\u015fleme \u015fartlar\u0131 ve ama\u00e7lar\u0131 \u00e7er\u00e7evesinde aktar\u0131labilecektir.<\/p>\n<p>K\u0130\u015e\u0130SEL VER\u0130S\u0130 \u0130\u015eLENEN \u0130LG\u0130L\u0130 K\u0130\u015e\u0130N\u0130N HAKLARI<\/p>\n<p>\u0130\u015fbu S\u00f6zle\u015fme\u2019nin taraf\u0131n\u0131n ger\u00e7ek ki\u015fi olmas\u0131 halinde M\u00fc\u015fteri, t\u00fczel ki\u015fi olmas\u0131 halinde ise M\u00fc\u015fteri\u2019nin yetkilileri, ki\u015fisel verilerine ili\u015fkin olarak, 6698 Say\u0131l\u0131 Kanun\u2019un 11. maddesindeki d\u00fczenlemeye g\u00f6re, Askale \u0130\u00e7ecek \u00dcretim Pazarlama A.\u015e.\u2018ye ba\u015fvurarak a\u015fa\u011f\u0131daki haklar\u0131n\u0131 kullanabilir:<\/p>\n<p>\u00b7 Ki\u015fisel veri i\u015flenip i\u015flenmedi\u011fini \u00f6\u011frenme,<\/p>\n<p>\u00b7 Ki\u015fisel verileri i\u015flenmi\u015fse buna ili\u015fkin bilgi talep etme,<\/p>\n<p>\u00b7 Ki\u015fisel verilerin i\u015flenme amac\u0131n\u0131 ve bunlar\u0131n amac\u0131na uygun kullan\u0131l\u0131p kullan\u0131lmad\u0131\u011f\u0131n\u0131 \u00f6\u011frenme,<\/p>\n<p>\u00b7 Yurt i\u00e7inde veya yurt d\u0131\u015f\u0131nda ki\u015fisel verilerin aktar\u0131ld\u0131\u011f\u0131 \u00fc\u00e7\u00fcnc\u00fc ki\u015fileri bilme,<\/p>\n<p>\u00b7 Ki\u015fisel verilerin eksik veya yanl\u0131\u015f i\u015flenmi\u015f olmas\u0131 h\u00e2linde bunlar\u0131n d\u00fczeltilmesini isteme,<\/p>\n<p>\u00b7 Ki\u015fisel verilerin silinmesini veya yok edilmesini isteme,<\/p>\n<p>\u00b7 Ki\u015fisel verilerin d\u00fczeltilmesi, silinmesi ya da yok edilmesi halinde bu i\u015flemlerin ki\u015fisel verilerin aktar\u0131ld\u0131\u011f\u0131 \u00fc\u00e7\u00fcnc\u00fc ki\u015filere bildirilmesini isteme,<\/p>\n<p>\u00b7 \u0130\u015flenen verilerin m\u00fcnhas\u0131ran otomatik sistemler vas\u0131tas\u0131yla analiz edilmesi suretiyle ki\u015finin kendisi aleyhine bir sonucun ortaya \u00e7\u0131kmas\u0131na itiraz etme,<\/p>\n<p>\u00b7 Ki\u015fisel verilerin kanuna ayk\u0131r\u0131 olarak i\u015flenmesi sebebiyle zarara u\u011framas\u0131 h\u00e2linde zarar\u0131n giderilmesini talep etme.<\/p>\n<p>Bu kapsamda iletilen talepler ; Askale \u0130\u00e7ecek \u00dcretim Pazarlama A.\u015e. taraf\u0131ndan en ge\u00e7 otuz g\u00fcn i\u00e7inde \u00fccretsiz olarak sonu\u00e7land\u0131racakt\u0131r. Ancak, Ki\u015fisel Verileri Koruma Kurulunca bir \u00fccret \u00f6ng\u00f6r\u00fclmesi halinde, \u015eirketimiz taraf\u0131ndan belirlenen tarifedeki \u00fccret al\u0131nacakt\u0131r.<\/p>\n<p>TALEPLER\u0130N\u0130Z \u0130\u00c7\u0130N B\u0130Z\u0130MLE \u0130LET\u0130\u015e\u0130ME GE\u00c7MEK \u0130STERSEN\u0130Z<\/p>\n<p>Yaz\u0131l\u0131 olarak talepte bulunulmas\u0131 halinde;<\/p>\n<p>6698 Say\u0131l\u0131 Kanun\u2019un 11. maddesinde say\u0131lan haklar\u0131n\u0131z kapsam\u0131nda bizimle ileti\u015fime ge\u00e7mek, geri bildirimde bulunmak ya da sorular\u0131n\u0131z\u0131 y\u00f6neltmek isterseniz, kimli\u011finizi tevsik edici belgeler ve talebinizi i\u00e7eren dilek\u00e7eniz ile merkez adresimiz olan \u201cAskale Otomotiv &#8211; Askale Plaza E-5 \u00dczeri Haramidere Avc\u0131lar\/\u0130stanbul\u201d adresine kimli\u011finizi tespit edici belgeler ile elden teslim edebilir veya noter kanal\u0131yla g\u00f6nderebilirsiniz.<\/p>\n<p>Elektronik olarak talepte bulunulmas\u0131 halinde;<\/p>\n<p>KVKK Ba\u015fvuru Formu\u2019nu, 5070 say\u0131l\u0131 Elektronik \u0130mza Kanunu\u2019nda tan\u0131ml\u0131 olan \u201cg\u00fcvenli elektronik imza\u201d sertifikas\u0131na sahip bir elektronik ya da mobil imza ile imzalayarak, \u015eirketimiz Kay\u0131tl\u0131 Elektronik Posta (KEP) adresi olan \u201caskaleoto@hs01.kep.tr&#8217;\u201dadresine, yada \u015eirketimize daha \u00f6nce bildirdi\u011finiz ve sistemlerimizde kay\u0131tl\u0131 bulunan elektronik posta adresini kullanmak suretiyle info@askale.com.tr adresine iletebilirsiniz. (Taraf\u0131m\u0131zca, ba\u015fvurunun size ait olup olmad\u0131\u011f\u0131n\u0131n tespiti ve haklar\u0131n\u0131z\u0131n korunmas\u0131 amac\u0131yla ek do\u011frulamalar (kay\u0131tl\u0131 e-posta adresinize mesaj g\u00f6nderilmesi, aranman\u0131z gibi) istenebilir. Ba\u015fvurunun, ki\u015fisel veri sahipleri ad\u0131na \u00fc\u00e7\u00fcnc\u00fc ki\u015filer taraf\u0131ndan yap\u0131lmas\u0131 halinde, ba\u015fvuruda bulunacak ki\u015fiye, veri sahibi taraf\u0131ndan noterde d\u00fczenlenmi\u015f \u00f6zel yetkili vekaletname vermesi gerekmektedir.)<\/p>\n<p>Bu kapsamda konuyla ilgili yap\u0131lacak olan yaz\u0131l\u0131 ba\u015fvurular taraf\u0131m\u0131zdan yap\u0131lacak olan kimlik do\u011frulamas\u0131n\u0131 takiben kabul edilecek olup, ilgililere yasal s\u00fcreler i\u00e7erisinde geri d\u00f6n\u00fc\u015fte bulunulacakt\u0131r.<\/p>\n<p><strong><a href=\"https:\/\/www.askale.com.tr\/KVKK-Basvuru-Formu.pdf\" target=\"_blank\" rel=\"noopener noreferrer\">Ek : Ba\u015fvuru Formu<\/a><\/strong><\/p>\n","protected":false},"excerpt":{"rendered":"<p>K\u0130\u015e\u0130SEL VER\u0130LER\u0130N \u0130\u015eLENMES\u0130 AYDINLATMA METN\u0130 <\/p>\n<p>&nbsp;<\/p>\n<p>Ki\u015fisel verilerin i\u015flenmesinde ba\u015fta \u00f6zel hayat\u0131n gizlili\u011fi olmak \u00fczere ki\u015filerin temel hak ve \u00f6zg\u00fcrl\u00fcklerini korumak ve ki\u015fisel verileri i\u015fleyen ger\u00e7ek ve t\u00fczel ki\u015filerin y\u00fck\u00fcml\u00fcl\u00fckleri belirlemek amac\u0131yla 7 Nisan 2016 tarihli ve 29677 Say\u0131l\u0131 Resm\u00ee Gazete\u2019de yay\u0131mlanan 6698 say\u0131l\u0131 Ki\u015fisel Verilerin Korunmas\u0131 Kanunu (\u201cKVKK\u201d) hususunda Askale \u0130\u00e7ecek \u00dcretim Pazarlama A.\u015e. olarak Veri Sorumlusu s\u0131fat\u0131yla Kanun\u2019un \u201cVeri Sorumlusunun Ayd\u0131nlatma Y\u00fck\u00fcml\u00fcl\u00fc\u011f\u00fc\u201d ba\u015fl\u0131kl\u0131 10. maddesi uyar\u0131nca sizleri bilgilendirmek isteriz.<\/p>\n<p>VER\u0130 SORUMLUSU ve TEMS\u0130LC\u0130S\u0130<\/p>\n<p>Askale \u0130\u00e7ecek \u00dcretim Pazarlama A.\u015e. olarak, veri sorumlusu s\u0131fat\u0131yla, ki\u015fisel verilerinizi a\u015fa\u011f\u0131da a\u00e7\u0131klanan ama\u00e7lar kapsam\u0131nda; hukuka ve d\u00fcr\u00fcstl\u00fck kurallar\u0131na uygun bir \u015fekilde i\u015fleyebilecek, kaydedebilecek, saklayabilecek, s\u0131n\u0131fland\u0131rabilecek, g\u00fcncelleyebilecek ve mevzuat\u0131n izin verdi\u011fi hallerde ve\/veya i\u015flendikleri ama\u00e7la s\u0131n\u0131rl\u0131 olarak 3. ki\u015filere a\u00e7\u0131klayabilecek\/aktarabilece\u011fiz.<\/p>\n<p>K\u0130\u015e\u0130SEL VER\u0130LER\u0130N \u0130\u015eLENME AMACI<\/p>\n<p>Ki\u015fisel verileriniz, Askale \u0130\u00e7ecek \u00dcretim Pazarlama A.\u015e. olarak sundu\u011fumuz hizmetlerden yararlanabilmeniz amac\u0131yla KVKK ve ilgili mevzuatta d\u00fczenlenen temel prensiplere uygun olarak, a\u00e7\u0131k r\u0131zan\u0131za ve\/veya tabi oldu\u011fumuz yasal mevzuat ba\u015fta olmak \u00fczere KVKK md. 5\/2\u2019de \u00f6ng\u00f6r\u00fclen di\u011fer [&#8230;]<\/p>\n","protected":false},"author":1,"featured_media":0,"parent":0,"menu_order":0,"comment_status":"closed","ping_status":"closed","template":"","meta":{"footnotes":""},"_links":{"self":[{"href":"https:\/\/www.askale.com.tr\/suzuki-askale\/wp-json\/wp\/v2\/pages\/3362"}],"collection":[{"href":"https:\/\/www.askale.com.tr\/suzuki-askale\/wp-json\/wp\/v2\/pages"}],"about":[{"href":"https:\/\/www.askale.com.tr\/suzuki-askale\/wp-json\/wp\/v2\/types\/page"}],"author":[{"embeddable":true,"href":"https:\/\/www.askale.com.tr\/suzuki-askale\/wp-json\/wp\/v2\/users\/1"}],"replies":[{"embeddable":true,"href":"https:\/\/www.askale.com.tr\/suzuki-askale\/wp-json\/wp\/v2\/comments?post=3362"}],"version-history":[{"count":8,"href":"https:\/\/www.askale.com.tr\/suzuki-askale\/wp-json\/wp\/v2\/pages\/3362\/revisions"}],"predecessor-version":[{"id":3603,"href":"https:\/\/www.askale.com.tr\/suzuki-askale\/wp-json\/wp\/v2\/pages\/3362\/revisions\/3603"}],"wp:attachment":[{"href":"https:\/\/www.askale.com.tr\/suzuki-askale\/wp-json\/wp\/v2\/media?parent=3362"}],"curies":[{"name":"wp","href":"https:\/\/api.w.org\/{rel}","templated":true}]}}