{"id":3400,"date":"2019-11-20T12:53:21","date_gmt":"2019-11-20T09:53:21","guid":{"rendered":"https:\/\/www.askale.com.tr\/suzuki-askale\/?page_id=3400"},"modified":"2019-11-20T13:27:53","modified_gmt":"2019-11-20T10:27:53","slug":"garanti-kosullari","status":"publish","type":"page","link":"https:\/\/www.askale.com.tr\/suzuki-askale\/garanti-kosullari\/","title":{"rendered":"GARANT\u0130 KO\u015eULLARI"},"content":{"rendered":"<div class=\"col-12 text-left\">\n<p><b>YEN\u0130 ARA\u00c7 GARANT\u0130S\u0130<\/b><\/p>\n<p class=\"mt-3\">Garanti SUZUKI d\u00f6rt tekerlekli motorlu ara\u00e7lar\u0131n\u0131 kapsam\u0131na al\u0131r, a\u015fa\u011f\u0131daki ko\u015ful ve s\u0131n\u0131rlamalar dahilinde ge\u00e7erlili\u011fini korur. Garanti \u015eartlar\u0131 i\u00e7in\u00a0<a class=\"text-red\" href=\"https:\/\/cdn.suzuki.com.tr\/asset\/otomobil\/images\/satis-sonrasi\/garanti-kosullari\/garanti-sartlari.pdf\" target=\"_blank\" rel=\"noopener noreferrer\">t\u0131klay\u0131n\u0131z.<\/a><\/p>\n<p class=\"mt-3\"><b>Ko\u015fullar<\/b><\/p>\n<\/div>\n<div class=\"col-lg-6 text-left mt-3\">\n<p class=\"mt-3\"><b>1.<\/b>\u00a0Suzuki otomobilleri, montaj ve \u00fcretim hatalar\u0131na ba\u011fl\u0131 olarak 3 y\u0131l veya 100.000 km (hangisi daha \u00f6nce dolarsa) garanti kapsam\u0131ndad\u0131r. (\u00d6m\u00fcrl\u00fc par\u00e7alar ve periyodik bak\u0131m \u00fccretleri hari\u00e7)<\/p>\n<p class=\"mt-3\">Mekanik garanti s\u00fcresince, arac\u0131n malzeme ya da i\u015f\u00e7ilik hatalar\u0131ndan dolay\u0131 ar\u0131zalanmas\u0131 durumunda de\u011fi\u015fimi yap\u0131lacak par\u00e7a ve\/veya i\u015f\u00e7ilikleri garanti kapsam\u0131nda de\u011ferlendirilecektir.<\/p>\n<p class=\"mt-3\">Boya ve paslanmazl\u0131k garantisi 3 y\u0131l veya 100.000 km\u2019dir (hangisi daha \u00f6nce dolarsa).<\/p>\n<\/div>\n<div class=\"col-lg-6 text-left mt-3\">\n<p class=\"mt-3\"><b>2.<\/b>\u00a0Arac\u0131n kullan\u0131m k\u0131lavuzunda belirtilen periyodik bak\u0131mlar\u0131n zaman\u0131nda yap\u0131lmas\u0131 halinde ge\u00e7erlidir. Di\u011fer t\u00fcm hususlar T\u00fcketicinin Korunmas\u0131 Hakk\u0131ndaki Kanun , arac\u0131n Kullan\u0131m K\u0131lavuzu ve arac\u0131n Garanti Kitab\u0131nda yap\u0131lan a\u00e7\u0131klamalar kapsam\u0131ndad\u0131r.<\/p>\n<\/div>\n<div class=\"col-lg-3 d-flex justify-content-center mt-3 p-3 p-lg-5 border-right border-red\">\n<div class=\"text-center\">\n<p><img decoding=\"async\" class=\"img-fluid\" src=\"https:\/\/cdn.suzuki.com.tr\/asset\/otomobil\/images\/satis-sonrasi\/garanti-kosullari\/kosullar1.png\" \/><\/p>\n<p class=\"mt-3\"><b>Arac\u0131n garanti kapsam\u0131 d\u0131\u015f\u0131nda kalaca\u011f\u0131 durumlar;<\/b><\/p>\n<\/div>\n<\/div>\n<div class=\"col-lg-3 d-flex justify-content-center mt-3 p-3 p-lg-5 border-right border-red garanti-kosullari-border\">\n<div class=\"text-center\">\n<p><img decoding=\"async\" class=\"img-fluid\" src=\"https:\/\/cdn.suzuki.com.tr\/asset\/otomobil\/images\/satis-sonrasi\/garanti-kosullari\/kosullar2.png\" \/><\/p>\n<p class=\"mt-3\">Arac\u0131n\u0131z\u0131n Garanti s\u00fcresinin sona ermesi,<\/p>\n<\/div>\n<\/div>\n<div class=\"col-lg-3 d-flex justify-content-center mt-3 p-3 p-lg-5 border-right border-red garanti-kosullari-border\">\n<div class=\"text-center\">\n<p><img decoding=\"async\" class=\"img-fluid\" src=\"https:\/\/cdn.suzuki.com.tr\/asset\/otomobil\/images\/satis-sonrasi\/garanti-kosullari\/kosullar3.png\" \/><\/p>\n<p class=\"mt-3\">Arac\u0131n\u0131z\u0131n Periyodik Bak\u0131mlar\u0131n\u0131n eksik olmas\u0131,<\/p>\n<\/div>\n<\/div>\n<div class=\"col-lg-3 d-flex justify-content-center mt-3 p-3 p-lg-5 border-red garanti-kosullari-border\">\n<div class=\"text-center\">\n<p><img decoding=\"async\" class=\"img-fluid\" src=\"https:\/\/cdn.suzuki.com.tr\/asset\/otomobil\/images\/satis-sonrasi\/garanti-kosullari\/kosullar4.png\" \/><\/p>\n<p class=\"mt-3\">S\u00fcr\u00fcc\u00fcn\u00fcn hatal\u0131 kullan\u0131m\u0131 sonucu meydana gelen a\u015f\u0131nma ve bozulma,<\/p>\n<\/div>\n<\/div>\n<div class=\"col-lg-3 d-flex justify-content-center mt-3 mt-lg-0 p-3 p-lg-5 border-right border-top border-red garanti-kosullari-border\">\n<div class=\"text-center\">\n<p><img decoding=\"async\" class=\"img-fluid\" src=\"https:\/\/cdn.suzuki.com.tr\/asset\/otomobil\/images\/satis-sonrasi\/garanti-kosullari\/kosullar5.png\" \/><\/p>\n<p class=\"mt-3\">Arac\u0131n\u0131z\u0131n \u00fczerinde yap\u0131lm\u0131\u015f olan orjinal olmayan her t\u00fcrl\u00fc modifikasyonlar sonucu olu\u015fan ar\u0131zalar,<\/p>\n<\/div>\n<\/div>\n<div class=\"col-lg-3 d-flex justify-content-center mt-3 mt-lg-0 p-3 p-lg-5 border-right border-top border-red garanti-kosullari-border\">\n<div class=\"text-center\">\n<p><img decoding=\"async\" class=\"img-fluid\" src=\"https:\/\/cdn.suzuki.com.tr\/asset\/otomobil\/images\/satis-sonrasi\/garanti-kosullari\/kosullar6.png\" \/><\/p>\n<p class=\"mt-3\">\u00c7al\u0131nma sonucu olu\u015fan hasarlar,<\/p>\n<\/div>\n<\/div>\n<div class=\"col-lg-3 d-flex justify-content-center mt-3 mt-lg-0 p-3 p-lg-5 border-right border-top border-red garanti-kosullari-border\">\n<div class=\"text-center\">\n<p><img decoding=\"async\" class=\"img-fluid\" src=\"https:\/\/cdn.suzuki.com.tr\/asset\/otomobil\/images\/satis-sonrasi\/garanti-kosullari\/kosullar7.png\" \/><\/p>\n<p class=\"mt-3\">Hatal\u0131 \/ Kirli yak\u0131t kullan\u0131m\u0131 ya da yak\u0131t bitimi,<\/p>\n<\/div>\n<\/div>\n<div class=\"col-lg-3 d-flex justify-content-center mt-3 mt-lg-0 p-3 p-lg-5 border-top border-red garanti-kosullari-border\">\n<div class=\"text-center\">\n<p><img decoding=\"async\" class=\"img-fluid\" src=\"https:\/\/cdn.suzuki.com.tr\/asset\/otomobil\/images\/satis-sonrasi\/garanti-kosullari\/kosullar8.png\" \/><\/p>\n<p class=\"mt-3\">\u00d6m\u00fcrl\u00fc par\u00e7alardan kaynaklanan sorunlar.<\/p>\n<\/div>\n<\/div>\n","protected":false},"excerpt":{"rendered":"<p><b>YEN\u0130 ARA\u00c7 GARANT\u0130S\u0130<\/b><\/p>\n<p class=\"mt-3\">Garanti SUZUKI d\u00f6rt tekerlekli motorlu ara\u00e7lar\u0131n\u0131 kapsam\u0131na al\u0131r, a\u015fa\u011f\u0131daki ko\u015ful ve s\u0131n\u0131rlamalar dahilinde ge\u00e7erlili\u011fini korur. Garanti \u015eartlar\u0131 i\u00e7in\u00a0t\u0131klay\u0131n\u0131z.<\/p>\n<p class=\"mt-3\"><b>Ko\u015fullar<\/b><\/p>\n<p class=\"mt-3\"><b>1.<\/b>\u00a0Suzuki otomobilleri, montaj ve \u00fcretim hatalar\u0131na ba\u011fl\u0131 olarak 3 y\u0131l veya 100.000 km (hangisi daha \u00f6nce dolarsa) garanti kapsam\u0131ndad\u0131r. (\u00d6m\u00fcrl\u00fc par\u00e7alar ve periyodik bak\u0131m \u00fccretleri hari\u00e7)<\/p>\n<p class=\"mt-3\">Mekanik garanti s\u00fcresince, arac\u0131n malzeme ya da i\u015f\u00e7ilik hatalar\u0131ndan dolay\u0131 ar\u0131zalanmas\u0131 durumunda de\u011fi\u015fimi yap\u0131lacak par\u00e7a ve\/veya i\u015f\u00e7ilikleri garanti kapsam\u0131nda de\u011ferlendirilecektir.<\/p>\n<p class=\"mt-3\">Boya ve paslanmazl\u0131k garantisi 3 y\u0131l veya 100.000 km\u2019dir (hangisi daha \u00f6nce dolarsa).<\/p>\n<p class=\"mt-3\"><b>2.<\/b>\u00a0Arac\u0131n kullan\u0131m k\u0131lavuzunda belirtilen periyodik bak\u0131mlar\u0131n zaman\u0131nda yap\u0131lmas\u0131 halinde ge\u00e7erlidir. Di\u011fer t\u00fcm hususlar T\u00fcketicinin Korunmas\u0131 Hakk\u0131ndaki Kanun , arac\u0131n Kullan\u0131m K\u0131lavuzu ve arac\u0131n Garanti Kitab\u0131nda yap\u0131lan a\u00e7\u0131klamalar kapsam\u0131ndad\u0131r.<\/p>\n<p><img decoding=\"async\" class=\"img-fluid\" src=\"https:\/\/cdn.suzuki.com.tr\/asset\/otomobil\/images\/satis-sonrasi\/garanti-kosullari\/kosullar1.png\" \/><\/p>\n<p class=\"mt-3\"><b>Arac\u0131n garanti kapsam\u0131 d\u0131\u015f\u0131nda kalaca\u011f\u0131 durumlar;<\/b><\/p>\n<p><img decoding=\"async\" class=\"img-fluid\" src=\"https:\/\/cdn.suzuki.com.tr\/asset\/otomobil\/images\/satis-sonrasi\/garanti-kosullari\/kosullar2.png\" \/><\/p>\n<p class=\"mt-3\">Arac\u0131n\u0131z\u0131n Garanti s\u00fcresinin sona ermesi,<\/p>\n<p><img decoding=\"async\" class=\"img-fluid\" src=\"https:\/\/cdn.suzuki.com.tr\/asset\/otomobil\/images\/satis-sonrasi\/garanti-kosullari\/kosullar3.png\" \/><\/p>\n<p class=\"mt-3\">Arac\u0131n\u0131z\u0131n Periyodik Bak\u0131mlar\u0131n\u0131n eksik olmas\u0131,<\/p>\n<p><img decoding=\"async\" class=\"img-fluid\" src=\"https:\/\/cdn.suzuki.com.tr\/asset\/otomobil\/images\/satis-sonrasi\/garanti-kosullari\/kosullar4.png\" \/><\/p>\n<p [...] \n\n","protected":false},"author":1,"featured_media":0,"parent":0,"menu_order":0,"comment_status":"closed","ping_status":"closed","template":"","meta":{"footnotes":""},"_links":{"self":[{"href":"https:\/\/www.askale.com.tr\/suzuki-askale\/wp-json\/wp\/v2\/pages\/3400"}],"collection":[{"href":"https:\/\/www.askale.com.tr\/suzuki-askale\/wp-json\/wp\/v2\/pages"}],"about":[{"href":"https:\/\/www.askale.com.tr\/suzuki-askale\/wp-json\/wp\/v2\/types\/page"}],"author":[{"embeddable":true,"href":"https:\/\/www.askale.com.tr\/suzuki-askale\/wp-json\/wp\/v2\/users\/1"}],"replies":[{"embeddable":true,"href":"https:\/\/www.askale.com.tr\/suzuki-askale\/wp-json\/wp\/v2\/comments?post=3400"}],"version-history":[{"count":3,"href":"https:\/\/www.askale.com.tr\/suzuki-askale\/wp-json\/wp\/v2\/pages\/3400\/revisions"}],"predecessor-version":[{"id":3411,"href":"https:\/\/www.askale.com.tr\/suzuki-askale\/wp-json\/wp\/v2\/pages\/3400\/revisions\/3411"}],"wp:attachment":[{"href":"https:\/\/www.askale.com.tr\/suzuki-askale\/wp-json\/wp\/v2\/media?parent=3400"}],"curies":[{"name":"wp","href":"https:\/\/api.w.org\/{rel}","templated":true}]}}