{"id":3403,"date":"2019-11-20T12:55:28","date_gmt":"2019-11-20T09:55:28","guid":{"rendered":"https:\/\/www.askale.com.tr\/suzuki-askale\/?page_id=3403"},"modified":"2019-11-20T12:55:28","modified_gmt":"2019-11-20T09:55:28","slug":"uzatilmis-garanti","status":"publish","type":"page","link":"https:\/\/www.askale.com.tr\/suzuki-askale\/uzatilmis-garanti\/","title":{"rendered":"UZATILMI\u015e GARANT\u0130"},"content":{"rendered":"<div class=\"row\">\n<div class=\"col-12 text-center\">\n<h1 class=\"font-36\">UZATILMI\u015e ARA\u00c7 GARANT\u0130S\u0130<\/h1>\n<\/div>\n<\/div>\n<div class=\"row mt-3\">\n<div class=\"col-12 text-left\"><img decoding=\"async\" class=\"img-fluid\" src=\"https:\/\/cdn.suzuki.com.tr\/asset\/otomobil\/images\/satis-sonrasi\/uzatilmis-garanti\/gorsel-1.jpg\" \/><\/p>\n<p class=\"mt-3\">Suzuki Motorlu Ara\u00e7lar Pazarlama A.\u015e. yetkili sat\u0131c\u0131lar\u0131 taraf\u0131ndan sat\u0131lm\u0131\u015f olan ara\u00e7lar\u0131n garanti s\u00fcresi fatura tarihinde ba\u015flar, periyodik bak\u0131mlar\u0131n zaman\u0131nda yap\u0131lmas\u0131 \u015fart\u0131 ile 3 y\u0131l veya 100.000 Km.dir. (hangisi \u00f6nce dolarsa)<\/p>\n<p class=\"mt-3\"><b>Suzuki\u2019nizin Garanti S\u00fcresini Uzat\u0131n!<\/b><\/p>\n<p class=\"mt-3\">Suzuki\u2019nin taahh\u00fct etti\u011fi yasal garanti bittikten sonra devreye girecek olan \u201cUzat\u0131lm\u0131\u015f Garanti Paketi\u201d ile periyodik bak\u0131mlar\u0131 Suzuki Yetkili servislerinde yapt\u0131rmak \u015fart\u0131yla arac\u0131n\u0131z\u0131 isterseniz ilave 1 y\u0131l yada ilave 2 y\u0131l g\u00fcvence alt\u0131na alabilirsiniz. Arac\u0131n el de\u011fi\u015ftirmesi halinde uzat\u0131lm\u0131\u015f garanti devam eder.<br \/>\nGaranti kapsam\u0131 ve uygulama esaslar\u0131 s\u00f6zle\u015fme i\u00e7eri\u011finde yaz\u0131lmaktad\u0131r.<\/p>\n<p class=\"mt-3\"><b>Suzuki Uzat\u0131lm\u0131\u015f Garanti \u00fcr\u00fcn\u00fc \u2013 Ko\u015fullar<\/b><\/p>\n<p class=\"mt-3\">Garanti s\u00fcresi dolmu\u015f ara\u00e7 i\u00e7in \u201cUzat\u0131lm\u0131\u015f Garanti\u201d paketi sat\u0131n almak isteyen m\u00fc\u015fterimizin arac\u0131na gerek g\u00f6r\u00fclmesi durumunda check-up yap\u0131lacakt\u0131r. Olas\u0131 sorun giderildikten sonra \u201cUzat\u0131lm\u0131\u015f Garanti\u201d kapsam\u0131na al\u0131nacakt\u0131r. Ara\u00e7lar\u0131n periyodik bak\u0131mlar\u0131n\u0131n eksiksiz olmas\u0131 esast\u0131r<br \/>\n2016 model ve yasal garantisi dolmu\u015f ara\u00e7lara \u00f6zel olmak \u015fart\u0131yla, paket sat\u0131n al\u0131nmas\u0131ndan itibaren \u201cUzat\u0131lm\u0131\u015f Garanti\u201d uygulanacakt\u0131r. Uzat\u0131lm\u0131\u015f Garanti sadece bireysel kullan\u0131m ara\u00e7lar i\u00e7indir.<br \/>\nSat\u0131\u015f\u0131 yap\u0131lan t\u00fcm modeller (Vitara, Swift, Baleno, Jimny) \u201cUzat\u0131lm\u0131\u015f Garanti\u201d hizmetinden faydalanabileceklerdir.<\/p>\n<table class=\"mt-3 d-lg-block d-none\" cellspacing=\"0\">\n<tbody>\n<tr>\n<td rowspan=\"2\"><strong>Ara\u00e7 Ya\u015f\u0131<\/strong><\/td>\n<td colspan=\"1\" rowspan=\"2\"><strong>Ge\u00e7erlilik S\u00fcresi<\/strong><\/td>\n<td colspan=\"4\"><strong>Paket Fiyat\u0131 (\u00a0 TL+KDV)<\/strong><\/td>\n<\/tr>\n<tr>\n<td><strong>Vitara<\/strong><\/td>\n<td><strong>Baleno<\/strong><\/td>\n<td><strong>Swift<\/strong><\/td>\n<td><strong>Jimny<\/strong><\/td>\n<\/tr>\n<tr>\n<td rowspan=\"2\">1. ya\u015f<\/td>\n<td>+1 y\u0131l veya 120.000 km&#8217;ye kadar<\/td>\n<td>690<\/td>\n<td>620<\/td>\n<td>620<\/td>\n<td>690<\/td>\n<\/tr>\n<tr>\n<td>1+1 y\u0131l veya 150.000 km&#8217;ye kadar<\/td>\n<td>1.690<\/td>\n<td>1.490<\/td>\n<td>1.490<\/td>\n<td>1.690<\/td>\n<\/tr>\n<tr>\n<td rowspan=\"2\">2.Ya\u015f<\/td>\n<td>+1 y\u0131l veya 120.000 km&#8217;ye kadar<\/td>\n<td>850<\/td>\n<td>750<\/td>\n<td>750<\/td>\n<td>850<\/td>\n<\/tr>\n<tr>\n<td>1+1 y\u0131l veya 150.000 km&#8217;ye kadar<\/td>\n<td>1.890<\/td>\n<td>1.690<\/td>\n<td>1.690<\/td>\n<td>1.890<\/td>\n<\/tr>\n<tr>\n<td rowspan=\"2\">3.Ya\u015f<\/td>\n<td>+1 y\u0131l veya 120.000 km&#8217;ye kadar<\/td>\n<td>990<\/td>\n<td>890<\/td>\n<td>890<\/td>\n<td>990<\/td>\n<\/tr>\n<tr>\n<td>1+1 y\u0131l veya 150.000 km&#8217;ye kadar<\/td>\n<td>2.090<\/td>\n<td>1.790<\/td>\n<td>1.790<\/td>\n<td>2.090<\/td>\n<\/tr>\n<\/tbody>\n<\/table>\n<p class=\"mt-3\">* &#8220;Uzat\u0131lm\u0131\u015f Garanti&#8221; ba\u015flang\u0131\u00e7 tarihi &#8220;Yasal Garanti&#8221; s\u00fcresinin bitmesi ile ba\u015flar.<\/p>\n<\/div>\n<\/div>\n","protected":false},"excerpt":{"rendered":"<p>UZATILMI\u015e ARA\u00c7 GARANT\u0130S\u0130 <img decoding=\"async\" class=\"img-fluid\" src=\"https:\/\/cdn.suzuki.com.tr\/asset\/otomobil\/images\/satis-sonrasi\/uzatilmis-garanti\/gorsel-1.jpg\" \/> <\/p>\n<p class=\"mt-3\">Suzuki Motorlu Ara\u00e7lar Pazarlama A.\u015e. yetkili sat\u0131c\u0131lar\u0131 taraf\u0131ndan sat\u0131lm\u0131\u015f olan ara\u00e7lar\u0131n garanti s\u00fcresi fatura tarihinde ba\u015flar, periyodik bak\u0131mlar\u0131n zaman\u0131nda yap\u0131lmas\u0131 \u015fart\u0131 ile 3 y\u0131l veya 100.000 Km.dir. (hangisi \u00f6nce dolarsa)<\/p>\n<p class=\"mt-3\"><b>Suzuki\u2019nizin Garanti S\u00fcresini Uzat\u0131n!<\/b><\/p>\n<p class=\"mt-3\">Suzuki\u2019nin taahh\u00fct etti\u011fi yasal garanti bittikten sonra devreye girecek olan \u201cUzat\u0131lm\u0131\u015f Garanti Paketi\u201d ile periyodik bak\u0131mlar\u0131 Suzuki Yetkili servislerinde yapt\u0131rmak \u015fart\u0131yla arac\u0131n\u0131z\u0131 isterseniz ilave 1 y\u0131l yada ilave 2 y\u0131l g\u00fcvence alt\u0131na alabilirsiniz. Arac\u0131n el de\u011fi\u015ftirmesi halinde uzat\u0131lm\u0131\u015f garanti devam eder.<br \/> Garanti kapsam\u0131 ve uygulama esaslar\u0131 s\u00f6zle\u015fme i\u00e7eri\u011finde yaz\u0131lmaktad\u0131r.<\/p>\n<p class=\"mt-3\"><b>Suzuki Uzat\u0131lm\u0131\u015f Garanti \u00fcr\u00fcn\u00fc \u2013 Ko\u015fullar<\/b><\/p>\n<p class=\"mt-3\">Garanti s\u00fcresi dolmu\u015f ara\u00e7 i\u00e7in \u201cUzat\u0131lm\u0131\u015f Garanti\u201d paketi sat\u0131n almak isteyen m\u00fc\u015fterimizin arac\u0131na gerek g\u00f6r\u00fclmesi durumunda check-up yap\u0131lacakt\u0131r. Olas\u0131 sorun giderildikten sonra \u201cUzat\u0131lm\u0131\u015f Garanti\u201d kapsam\u0131na al\u0131nacakt\u0131r. Ara\u00e7lar\u0131n periyodik bak\u0131mlar\u0131n\u0131n eksiksiz olmas\u0131 esast\u0131r<br \/> 2016 model ve yasal garantisi dolmu\u015f ara\u00e7lara \u00f6zel olmak \u015fart\u0131yla, paket sat\u0131n al\u0131nmas\u0131ndan itibaren \u201cUzat\u0131lm\u0131\u015f Garanti\u201d uygulanacakt\u0131r. Uzat\u0131lm\u0131\u015f Garanti [&#8230;]<\/p>\n","protected":false},"author":1,"featured_media":0,"parent":0,"menu_order":0,"comment_status":"closed","ping_status":"closed","template":"","meta":{"footnotes":""},"_links":{"self":[{"href":"https:\/\/www.askale.com.tr\/suzuki-askale\/wp-json\/wp\/v2\/pages\/3403"}],"collection":[{"href":"https:\/\/www.askale.com.tr\/suzuki-askale\/wp-json\/wp\/v2\/pages"}],"about":[{"href":"https:\/\/www.askale.com.tr\/suzuki-askale\/wp-json\/wp\/v2\/types\/page"}],"author":[{"embeddable":true,"href":"https:\/\/www.askale.com.tr\/suzuki-askale\/wp-json\/wp\/v2\/users\/1"}],"replies":[{"embeddable":true,"href":"https:\/\/www.askale.com.tr\/suzuki-askale\/wp-json\/wp\/v2\/comments?post=3403"}],"version-history":[{"count":1,"href":"https:\/\/www.askale.com.tr\/suzuki-askale\/wp-json\/wp\/v2\/pages\/3403\/revisions"}],"predecessor-version":[{"id":3404,"href":"https:\/\/www.askale.com.tr\/suzuki-askale\/wp-json\/wp\/v2\/pages\/3403\/revisions\/3404"}],"wp:attachment":[{"href":"https:\/\/www.askale.com.tr\/suzuki-askale\/wp-json\/wp\/v2\/media?parent=3403"}],"curies":[{"name":"wp","href":"https:\/\/api.w.org\/{rel}","templated":true}]}}