{"id":3405,"date":"2019-11-20T13:25:26","date_gmt":"2019-11-20T10:25:26","guid":{"rendered":"https:\/\/www.askale.com.tr\/suzuki-askale\/?page_id=3405"},"modified":"2019-11-20T13:27:19","modified_gmt":"2019-11-20T10:27:19","slug":"omrunu-tamamlamis-araclar","status":"publish","type":"page","link":"https:\/\/www.askale.com.tr\/suzuki-askale\/omrunu-tamamlamis-araclar\/","title":{"rendered":"\u00d6MR\u00dcN\u00dc TAMAMLAMI\u015e ARA\u00c7LAR"},"content":{"rendered":"<div class=\"row\">\n<div class=\"col-12 text-center\">\n<h1 class=\"font-36\">\u00d6MR\u00dc TAMAMLANMI\u015e ARA\u00c7LAR<\/h1>\n<\/div>\n<\/div>\n<div class=\"row mt-3\">\n<div class=\"col-lg-6\">\n<div class=\"col-12 px-0 d-flex align-items-center py-3\">\n<p><img decoding=\"async\" class=\"img-fluid\" src=\"https:\/\/cdn.suzuki.com.tr\/asset\/otomobil\/images\/satis-sonrasi\/omrunu-tamamlamis-araclar\/tamamlanmis1.png\" \/><\/p>\n<p class=\"ml-3\">\u00d6mr\u00fcn\u00fc Tamamlam\u0131\u015f Ara\u00e7lar\u0131n Kontrol\u00fc Hakk\u0131nda Y\u00f6netmelik&#8221; \u00c7evre ve Orman Bakanl\u0131\u011f\u0131 taraf\u0131ndan 30 Aral\u0131k 2009\u2019da 27448 no\u2019lu Resmi Gazete\u2019de yay\u0131nlanarak 01 Ocak 2011 tarihi itibar\u0131yla y\u00fcr\u00fcrl\u00fc\u011fe girmi\u015ftir.<\/p>\n<\/div>\n<div class=\"col-12 px-0 d-flex align-items-center py-3 mt-5\">\n<p><img decoding=\"async\" class=\"img-fluid\" src=\"https:\/\/cdn.suzuki.com.tr\/asset\/otomobil\/images\/satis-sonrasi\/omrunu-tamamlamis-araclar\/tamamlanmis2.png\" \/><\/p>\n<p class=\"ml-3\">\u00d6mr\u00fcn\u00fc Tamamlam\u0131\u015f Ara\u00e7lar konusunda daha fazla bilgi edinmek i\u00e7in\u00a0<a class=\"text-red\" href=\"http:\/\/www.ekosistem.com.tr\/eko\/\">t\u0131klay\u0131n\u0131z.<\/a><\/p>\n<\/div>\n<\/div>\n<div class=\"col-lg-6 \">\n<div class=\"col-12 px-0 d-flex align-items-center py-3 \">\n<p><img decoding=\"async\" class=\"img-fluid\" src=\"https:\/\/cdn.suzuki.com.tr\/asset\/otomobil\/images\/satis-sonrasi\/omrunu-tamamlamis-araclar\/tamamlanmis3.png\" \/><\/p>\n<p class=\"ml-3\">Suzuki Motorlu Ara\u00e7lar Pazarlama A.\u015e.&#8217;nin \u00f6mr\u00fcn\u00fc tamamlam\u0131\u015f ara\u00e7lar\u0131n geri al\u0131m hizmetlerini ger\u00e7ekle\u015ftirmek \u00fczere Ekosistem Geri D\u00f6n\u00fc\u015f\u00fcm Ltd.\u015eti. ile i\u015fbirli\u011fi yapmaktad\u0131r. \u00d6mr\u00fcn\u00fc tamamlam\u0131\u015f Suzuki arac\u0131n\u0131z\u0131, Suzuki Motorlu Ara\u00e7lar Pazarlama A.\u015e.\u2019nin bu konuda yetkili tayin etti\u011fi Ekosistem\u2019in belirledi\u011fi teslim yerlerinden birine \u00fccretsiz teslim edebilirsiniz.<\/p>\n<\/div>\n<div class=\"col-12 px-0 d-flex align-items-center py-3 mt-5\">\n<p><img decoding=\"async\" class=\"img-fluid\" src=\"https:\/\/cdn.suzuki.com.tr\/asset\/otomobil\/images\/satis-sonrasi\/omrunu-tamamlamis-araclar\/tamamlanmis4.png\" \/><\/p>\n<p class=\"ml-3\">Size\u2019e yak\u0131n &#8220;\u00d6mr\u00fcn\u00fc Tamamlam\u0131\u015f Ara\u00e7&#8221; teslim noktalar\u0131 i\u00e7in\u00a0<a class=\"text-red\" href=\"https:\/\/cdn.suzuki.com.tr\/asset\/otomobil\/images\/satis-sonrasi\/omrunu-tamamlamis-araclar\/ota-teslim-noktalari.pdf\" target=\"_blank\" rel=\"noopener noreferrer\">t\u0131klay\u0131n\u0131z.<\/a><\/p>\n<\/div>\n<\/div>\n<\/div>\n","protected":false},"excerpt":{"rendered":"<p>\u00d6MR\u00dc TAMAMLANMI\u015e ARA\u00c7LAR <\/p>\n<p><img decoding=\"async\" class=\"img-fluid\" src=\"https:\/\/cdn.suzuki.com.tr\/asset\/otomobil\/images\/satis-sonrasi\/omrunu-tamamlamis-araclar\/tamamlanmis1.png\" \/><\/p>\n<p class=\"ml-3\">\u00d6mr\u00fcn\u00fc Tamamlam\u0131\u015f Ara\u00e7lar\u0131n Kontrol\u00fc Hakk\u0131nda Y\u00f6netmelik&#8221; \u00c7evre ve Orman Bakanl\u0131\u011f\u0131 taraf\u0131ndan 30 Aral\u0131k 2009\u2019da 27448 no\u2019lu Resmi Gazete\u2019de yay\u0131nlanarak 01 Ocak 2011 tarihi itibar\u0131yla y\u00fcr\u00fcrl\u00fc\u011fe girmi\u015ftir.<\/p>\n<p><img decoding=\"async\" class=\"img-fluid\" src=\"https:\/\/cdn.suzuki.com.tr\/asset\/otomobil\/images\/satis-sonrasi\/omrunu-tamamlamis-araclar\/tamamlanmis2.png\" \/><\/p>\n<p class=\"ml-3\">\u00d6mr\u00fcn\u00fc Tamamlam\u0131\u015f Ara\u00e7lar konusunda daha fazla bilgi edinmek i\u00e7in\u00a0t\u0131klay\u0131n\u0131z.<\/p>\n<p><img decoding=\"async\" class=\"img-fluid\" src=\"https:\/\/cdn.suzuki.com.tr\/asset\/otomobil\/images\/satis-sonrasi\/omrunu-tamamlamis-araclar\/tamamlanmis3.png\" \/><\/p>\n<p class=\"ml-3\">Suzuki Motorlu Ara\u00e7lar Pazarlama A.\u015e.&#8217;nin \u00f6mr\u00fcn\u00fc tamamlam\u0131\u015f ara\u00e7lar\u0131n geri al\u0131m hizmetlerini ger\u00e7ekle\u015ftirmek \u00fczere Ekosistem Geri D\u00f6n\u00fc\u015f\u00fcm Ltd.\u015eti. ile i\u015fbirli\u011fi yapmaktad\u0131r. \u00d6mr\u00fcn\u00fc tamamlam\u0131\u015f Suzuki arac\u0131n\u0131z\u0131, Suzuki Motorlu Ara\u00e7lar Pazarlama A.\u015e.\u2019nin bu konuda yetkili tayin etti\u011fi Ekosistem\u2019in belirledi\u011fi teslim yerlerinden birine \u00fccretsiz teslim edebilirsiniz.<\/p>\n<p><img decoding=\"async\" class=\"img-fluid\" src=\"https:\/\/cdn.suzuki.com.tr\/asset\/otomobil\/images\/satis-sonrasi\/omrunu-tamamlamis-araclar\/tamamlanmis4.png\" \/><\/p>\n<p class=\"ml-3\">Size\u2019e yak\u0131n &#8220;\u00d6mr\u00fcn\u00fc Tamamlam\u0131\u015f Ara\u00e7&#8221; teslim noktalar\u0131 i\u00e7in\u00a0t\u0131klay\u0131n\u0131z.<\/p>\n","protected":false},"author":1,"featured_media":0,"parent":0,"menu_order":0,"comment_status":"closed","ping_status":"closed","template":"","meta":{"footnotes":""},"_links":{"self":[{"href":"https:\/\/www.askale.com.tr\/suzuki-askale\/wp-json\/wp\/v2\/pages\/3405"}],"collection":[{"href":"https:\/\/www.askale.com.tr\/suzuki-askale\/wp-json\/wp\/v2\/pages"}],"about":[{"href":"https:\/\/www.askale.com.tr\/suzuki-askale\/wp-json\/wp\/v2\/types\/page"}],"author":[{"embeddable":true,"href":"https:\/\/www.askale.com.tr\/suzuki-askale\/wp-json\/wp\/v2\/users\/1"}],"replies":[{"embeddable":true,"href":"https:\/\/www.askale.com.tr\/suzuki-askale\/wp-json\/wp\/v2\/comments?post=3405"}],"version-history":[{"count":2,"href":"https:\/\/www.askale.com.tr\/suzuki-askale\/wp-json\/wp\/v2\/pages\/3405\/revisions"}],"predecessor-version":[{"id":3410,"href":"https:\/\/www.askale.com.tr\/suzuki-askale\/wp-json\/wp\/v2\/pages\/3405\/revisions\/3410"}],"wp:attachment":[{"href":"https:\/\/www.askale.com.tr\/suzuki-askale\/wp-json\/wp\/v2\/media?parent=3405"}],"curies":[{"name":"wp","href":"https:\/\/api.w.org\/{rel}","templated":true}]}}