{"id":3407,"date":"2019-11-20T13:27:01","date_gmt":"2019-11-20T10:27:01","guid":{"rendered":"https:\/\/www.askale.com.tr\/suzuki-askale\/?page_id=3407"},"modified":"2019-11-20T13:28:18","modified_gmt":"2019-11-20T10:28:18","slug":"suzuki-yol-yardim","status":"publish","type":"page","link":"https:\/\/www.askale.com.tr\/suzuki-askale\/suzuki-yol-yardim\/","title":{"rendered":"SUZUKI YOL YARDIM"},"content":{"rendered":"<div class=\"row\">\n<div class=\"col-12 text-center\">\n<h1 class=\"font-36\">YOL YARDIM<\/h1>\n<\/div>\n<\/div>\n<div class=\"row mt-3 pb-4\">\n<div class=\"col-12 text-left\">\n<p><b>&#8220;Suzuki ile ba\u015flayaca\u011f\u0131n\u0131z ilk yolculu\u011funuzdan itibaren Suzuki Yol Yard\u0131m hizmetinizdedir.&#8221;<\/b><\/p>\n<p class=\"mt-3\">Suzuki sahipleri, ara\u00e7lar\u0131n\u0131n yolda kalmas\u0131na sebep olabilecek elektrik\/elektronik,mekanik ar\u0131za yada kaza halinde Yol Yard\u0131m hizmetine g\u00fcn\u00fcn 24 saati bir telefonla ula\u015fabilirler.<\/p>\n<p class=\"mt-3\"><b>Garanti kapsam\u0131ndaki ara\u00e7lar i\u00e7in:<\/b><\/p>\n<\/div>\n<div class=\"col-lg-6\">\n<div class=\"col-12 px-0 d-flex align-items-center mt-3 border-red py-3 border-bottom h-100\">\n<p><img decoding=\"async\" class=\"img-fluid\" src=\"https:\/\/cdn.suzuki.com.tr\/asset\/otomobil\/images\/satis-sonrasi\/yol-yardim\/yolyardim1.png\" \/><\/p>\n<p class=\"ml-3\">Arac\u0131n ar\u0131za sonucu hareketsiz kalmas\u0131 durumunda en yak\u0131n Yetkili Suzuki Servisine \u00fccretsiz olarak \u00e7ekilmesi,<\/p>\n<\/div>\n<\/div>\n<div class=\"col-lg-6\">\n<div class=\"col-12 px-0 d-flex align-items-center mt-3 border-red py-3 border-bottom h-100\">\n<p><img decoding=\"async\" class=\"img-fluid\" src=\"https:\/\/cdn.suzuki.com.tr\/asset\/otomobil\/images\/satis-sonrasi\/yol-yardim\/yolyardim2.png\" \/><\/p>\n<p class=\"ml-3\">Arac\u0131n\u0131z evinizden en fazla 100 km mesafe i\u00e7erisinde ar\u0131za yapm\u0131\u015f ise siz ve yolcular\u0131n\u0131z\u0131n taksi ile evinize d\u00f6n\u00fc\u015f\u00fc ve arac\u0131n onar\u0131m\u0131 bitti\u011finde teslim al\u0131nmas\u0131 i\u00e7in yine taksi ile servise ula\u015f\u0131m\u0131,<\/p>\n<\/div>\n<\/div>\n<div class=\"col-lg-6\">\n<div class=\"col-12 px-0 d-flex align-items-center mt-3 border-red py-3 border-bottom h-100\">\n<p><img decoding=\"async\" class=\"img-fluid\" src=\"https:\/\/cdn.suzuki.com.tr\/asset\/otomobil\/images\/satis-sonrasi\/yol-yardim\/yolyardim3.png\" \/><\/p>\n<p class=\"ml-3\">Arac\u0131n\u0131z\u0131n evinizden 100 km mesafe d\u0131\u015f\u0131nda ar\u0131zalanmas\u0131 durumunda, sizin iste\u011finize ba\u011fl\u0131 olarak konaklama (en fazla 2 g\u00fcn) veya ula\u015f\u0131m se\u00e7eneklerinden birinin kar\u015f\u0131lanmas\u0131,<\/p>\n<\/div>\n<\/div>\n<div class=\"col-lg-6\">\n<div class=\"col-12 px-0 d-flex align-items-center mt-3 border-red py-3 border-bottom h-100\">\n<p><img decoding=\"async\" class=\"img-fluid\" src=\"https:\/\/cdn.suzuki.com.tr\/asset\/otomobil\/images\/satis-sonrasi\/yol-yardim\/yolyardim4.png\" \/><\/p>\n<p class=\"ml-3\">Evinizden en az 100 km mesafe d\u0131\u015f\u0131nda ,arac\u0131n\u0131z\u0131n ar\u0131zalanmas\u0131 ve tamir s\u00fcresinin uzamas\u0131 durumunda kiral\u0131k ara\u00e7 temini (en fazla 3 g\u00fcn 1600cc \u2018ye kadar), ya da ula\u015f\u0131m\u0131n otob\u00fcs, tren, u\u00e7ak, se\u00e7eneklerinden biri ile \u00fccretsiz olarak sa\u011flanmas\u0131 hizmetleri verilmektedir.<\/p>\n<\/div>\n<\/div>\n<div class=\"col-12\">\n<p class=\"mt-5\">Yol yard\u0131m kapsam\u0131nda de\u011ferlendirilemeyecek durumlar i\u00e7in\u00a0<a class=\"text-red\" href=\"https:\/\/www.askale.com.tr\/suzuki-askale\/garanti-kosullari\/\">Garanti Ko\u015fullar\u0131\u00a0<\/a>b\u00f6l\u00fcm\u00fcne bak\u0131n\u0131z.<\/p>\n<p class=\"mt-3\">Garanti kapsam\u0131 d\u0131\u015f\u0131nda veya kaza yapm\u0131\u015f olan ara\u00e7 sahipleri yukar\u0131da belirtilmi\u015f olan Yol yard\u0131m hizmetlerinden Suzuki Yol Yard\u0131m telefonlar\u0131n\u0131 arayarak \u00fccret kar\u015f\u0131l\u0131\u011f\u0131nda faydalanabilirler.<\/p>\n<\/div>\n<\/div>\n","protected":false},"excerpt":{"rendered":"<p>YOL YARDIM <\/p>\n<p><b>&#8220;Suzuki ile ba\u015flayaca\u011f\u0131n\u0131z ilk yolculu\u011funuzdan itibaren Suzuki Yol Yard\u0131m hizmetinizdedir.&#8221;<\/b><\/p>\n<p class=\"mt-3\">Suzuki sahipleri, ara\u00e7lar\u0131n\u0131n yolda kalmas\u0131na sebep olabilecek elektrik\/elektronik,mekanik ar\u0131za yada kaza halinde Yol Yard\u0131m hizmetine g\u00fcn\u00fcn 24 saati bir telefonla ula\u015fabilirler.<\/p>\n<p class=\"mt-3\"><b>Garanti kapsam\u0131ndaki ara\u00e7lar i\u00e7in:<\/b><\/p>\n<p><img decoding=\"async\" class=\"img-fluid\" src=\"https:\/\/cdn.suzuki.com.tr\/asset\/otomobil\/images\/satis-sonrasi\/yol-yardim\/yolyardim1.png\" \/><\/p>\n<p class=\"ml-3\">Arac\u0131n ar\u0131za sonucu hareketsiz kalmas\u0131 durumunda en yak\u0131n Yetkili Suzuki Servisine \u00fccretsiz olarak \u00e7ekilmesi,<\/p>\n<p><img decoding=\"async\" class=\"img-fluid\" src=\"https:\/\/cdn.suzuki.com.tr\/asset\/otomobil\/images\/satis-sonrasi\/yol-yardim\/yolyardim2.png\" \/><\/p>\n<p class=\"ml-3\">Arac\u0131n\u0131z evinizden en fazla 100 km mesafe i\u00e7erisinde ar\u0131za yapm\u0131\u015f ise siz ve yolcular\u0131n\u0131z\u0131n taksi ile evinize d\u00f6n\u00fc\u015f\u00fc ve arac\u0131n onar\u0131m\u0131 bitti\u011finde teslim al\u0131nmas\u0131 i\u00e7in yine taksi ile servise ula\u015f\u0131m\u0131,<\/p>\n<p><img decoding=\"async\" class=\"img-fluid\" src=\"https:\/\/cdn.suzuki.com.tr\/asset\/otomobil\/images\/satis-sonrasi\/yol-yardim\/yolyardim3.png\" \/><\/p>\n<p class=\"ml-3\">Arac\u0131n\u0131z\u0131n evinizden 100 km mesafe d\u0131\u015f\u0131nda ar\u0131zalanmas\u0131 durumunda, sizin iste\u011finize ba\u011fl\u0131 olarak konaklama (en fazla 2 g\u00fcn) veya ula\u015f\u0131m se\u00e7eneklerinden birinin kar\u015f\u0131lanmas\u0131,<\/p>\n<p><img decoding=\"async\" class=\"img-fluid\" src=\"https:\/\/cdn.suzuki.com.tr\/asset\/otomobil\/images\/satis-sonrasi\/yol-yardim\/yolyardim4.png\" \/><\/p>\n<p class=\"ml-3\">Evinizden en az 100 km mesafe d\u0131\u015f\u0131nda ,arac\u0131n\u0131z\u0131n ar\u0131zalanmas\u0131 ve tamir s\u00fcresinin uzamas\u0131 durumunda kiral\u0131k ara\u00e7 temini (en fazla 3 g\u00fcn 1600cc \u2018ye kadar), ya da [&#8230;]<\/p>\n","protected":false},"author":1,"featured_media":0,"parent":0,"menu_order":0,"comment_status":"closed","ping_status":"closed","template":"","meta":{"footnotes":""},"_links":{"self":[{"href":"https:\/\/www.askale.com.tr\/suzuki-askale\/wp-json\/wp\/v2\/pages\/3407"}],"collection":[{"href":"https:\/\/www.askale.com.tr\/suzuki-askale\/wp-json\/wp\/v2\/pages"}],"about":[{"href":"https:\/\/www.askale.com.tr\/suzuki-askale\/wp-json\/wp\/v2\/types\/page"}],"author":[{"embeddable":true,"href":"https:\/\/www.askale.com.tr\/suzuki-askale\/wp-json\/wp\/v2\/users\/1"}],"replies":[{"embeddable":true,"href":"https:\/\/www.askale.com.tr\/suzuki-askale\/wp-json\/wp\/v2\/comments?post=3407"}],"version-history":[{"count":2,"href":"https:\/\/www.askale.com.tr\/suzuki-askale\/wp-json\/wp\/v2\/pages\/3407\/revisions"}],"predecessor-version":[{"id":3409,"href":"https:\/\/www.askale.com.tr\/suzuki-askale\/wp-json\/wp\/v2\/pages\/3407\/revisions\/3409"}],"wp:attachment":[{"href":"https:\/\/www.askale.com.tr\/suzuki-askale\/wp-json\/wp\/v2\/media?parent=3407"}],"curies":[{"name":"wp","href":"https:\/\/api.w.org\/{rel}","templated":true}]}}