{"id":3431,"date":"2019-11-21T16:47:43","date_gmt":"2019-11-21T13:47:43","guid":{"rendered":"https:\/\/www.askale.com.tr\/suzuki-askale\/?page_id=3431"},"modified":"2019-12-02T16:19:49","modified_gmt":"2019-12-02T13:19:49","slug":"vizyon-ve-misyon","status":"publish","type":"page","link":"https:\/\/www.askale.com.tr\/suzuki-askale\/vizyon-ve-misyon\/","title":{"rendered":"V\u0130ZYON VE M\u0130SYON"},"content":{"rendered":"<h3 style=\"text-align: center;\">Y\u00f6netim anlay\u0131\u015f\u0131m\u0131z: m\u00fc\u015fteri memnuniyeti ve<br \/>\nkalite odakl\u0131 \u00e7al\u0131\u015fmalar\u0131m\u0131zdan \u00f6d\u00fcn vermeden,<br \/>\ndo\u011fay\u0131 ve \u00e7evreyi tahrip etmeden ekonomik<br \/>\nkalk\u0131nmaya katk\u0131 sa\u011flamak ve<br \/>\ng\u00fcvenilir hizmet vermektir.<\/h3>\n<p>&nbsp;<\/p>\n<p style=\"text-align: center;\"><img loading=\"lazy\" decoding=\"async\" class=\"alignnone size-large wp-image-3443\" src=\"https:\/\/www.askale.com.tr\/suzuki-askale\/wp-content\/uploads\/2019\/11\/askale-vizyon-1-1024x474.png\" alt=\"\" width=\"1024\" height=\"474\" srcset=\"https:\/\/www.askale.com.tr\/suzuki-askale\/wp-content\/uploads\/2019\/11\/askale-vizyon-1-1024x474.png 1024w, https:\/\/www.askale.com.tr\/suzuki-askale\/wp-content\/uploads\/2019\/11\/askale-vizyon-1-300x139.png 300w, https:\/\/www.askale.com.tr\/suzuki-askale\/wp-content\/uploads\/2019\/11\/askale-vizyon-1-768x355.png 768w\" sizes=\"(max-width: 1024px) 100vw, 1024px\" \/><\/p>\n","protected":false},"excerpt":{"rendered":"<p>Y\u00f6netim anlay\u0131\u015f\u0131m\u0131z: m\u00fc\u015fteri memnuniyeti ve<br \/> kalite odakl\u0131 \u00e7al\u0131\u015fmalar\u0131m\u0131zdan \u00f6d\u00fcn vermeden,<br \/> do\u011fay\u0131 ve \u00e7evreyi tahrip etmeden ekonomik<br \/> kalk\u0131nmaya katk\u0131 sa\u011flamak ve<br \/> g\u00fcvenilir hizmet vermektir. <\/p>\n<p>&nbsp;<\/p>\n<p style=\"text-align: center;\"><img loading=\"lazy\" decoding=\"async\" class=\"alignnone size-large wp-image-3443\" src=\"https:\/\/www.askale.com.tr\/suzuki-askale\/wp-content\/uploads\/2019\/11\/askale-vizyon-1-1024x474.png\" alt=\"\" width=\"1024\" height=\"474\" srcset=\"https:\/\/www.askale.com.tr\/suzuki-askale\/wp-content\/uploads\/2019\/11\/askale-vizyon-1-1024x474.png 1024w, https:\/\/www.askale.com.tr\/suzuki-askale\/wp-content\/uploads\/2019\/11\/askale-vizyon-1-300x139.png 300w, https:\/\/www.askale.com.tr\/suzuki-askale\/wp-content\/uploads\/2019\/11\/askale-vizyon-1-768x355.png 768w\" sizes=\"(max-width: 1024px) 100vw, 1024px\" \/><\/p>\n","protected":false},"author":1,"featured_media":0,"parent":0,"menu_order":0,"comment_status":"closed","ping_status":"closed","template":"","meta":{"footnotes":""},"_links":{"self":[{"href":"https:\/\/www.askale.com.tr\/suzuki-askale\/wp-json\/wp\/v2\/pages\/3431"}],"collection":[{"href":"https:\/\/www.askale.com.tr\/suzuki-askale\/wp-json\/wp\/v2\/pages"}],"about":[{"href":"https:\/\/www.askale.com.tr\/suzuki-askale\/wp-json\/wp\/v2\/types\/page"}],"author":[{"embeddable":true,"href":"https:\/\/www.askale.com.tr\/suzuki-askale\/wp-json\/wp\/v2\/users\/1"}],"replies":[{"embeddable":true,"href":"https:\/\/www.askale.com.tr\/suzuki-askale\/wp-json\/wp\/v2\/comments?post=3431"}],"version-history":[{"count":11,"href":"https:\/\/www.askale.com.tr\/suzuki-askale\/wp-json\/wp\/v2\/pages\/3431\/revisions"}],"predecessor-version":[{"id":3468,"href":"https:\/\/www.askale.com.tr\/suzuki-askale\/wp-json\/wp\/v2\/pages\/3431\/revisions\/3468"}],"wp:attachment":[{"href":"https:\/\/www.askale.com.tr\/suzuki-askale\/wp-json\/wp\/v2\/media?parent=3431"}],"curies":[{"name":"wp","href":"https:\/\/api.w.org\/{rel}","templated":true}]}}